{"id":984,"date":"2024-04-09T14:14:16","date_gmt":"2024-04-09T14:14:16","guid":{"rendered":"https:\/\/parqueecologicogouveia.pt\/parque\/\/?page_id=984"},"modified":"2024-12-09T15:03:26","modified_gmt":"2024-12-09T15:03:26","slug":"veado-2-2-2-2-2-2-2-2-2","status":"publish","type":"page","link":"https:\/\/parqueecologicogouveia.pt\/?page_id=984","title":{"rendered":"Ovelha serra da estrela"},"content":{"rendered":"\t\t<div data-elementor-type=\"wp-page\" data-elementor-id=\"984\" class=\"elementor elementor-984\" data-elementor-post-type=\"page\">\n\t\t\t\t<div class=\"elementor-element elementor-element-f35edfa e-flex e-con-boxed e-con e-parent\" data-id=\"f35edfa\" data-element_type=\"container\" data-e-type=\"container\" data-settings=\"{&quot;background_background&quot;:&quot;classic&quot;}\">\n\t\t\t\t\t<div class=\"e-con-inner\">\n\t\t<div class=\"elementor-element elementor-element-2dbb099 e-grid e-con-boxed e-con e-child\" data-id=\"2dbb099\" data-element_type=\"container\" data-e-type=\"container\">\n\t\t\t\t\t<div class=\"e-con-inner\">\n\t\t\t\t<div class=\"elementor-element elementor-element-ca6909f elementor-widget elementor-widget-heading\" data-id=\"ca6909f\" data-element_type=\"widget\" data-e-type=\"widget\" data-widget_type=\"heading.default\">\n\t\t\t\t<div class=\"elementor-widget-container\">\n\t\t\t\t\t<h2 class=\"elementor-heading-title elementor-size-default\">OVELHA BORDALEIRA DA SERRA DA ESTRELA<\/h2>\t\t\t\t<\/div>\n\t\t\t\t<\/div>\n\t\t\t\t<div class=\"elementor-element elementor-element-9582c01 elementor-widget elementor-widget-heading\" data-id=\"9582c01\" data-element_type=\"widget\" data-e-type=\"widget\" data-widget_type=\"heading.default\">\n\t\t\t\t<div class=\"elementor-widget-container\">\n\t\t\t\t\t<h2 class=\"elementor-heading-title elementor-size-default\">Ovis aries<\/h2>\t\t\t\t<\/div>\n\t\t\t\t<\/div>\n\t\t\t\t<div class=\"elementor-element elementor-element-cdc36c1 elementor-widget elementor-widget-image\" data-id=\"cdc36c1\" data-element_type=\"widget\" data-e-type=\"widget\" data-widget_type=\"image.default\">\n\t\t\t\t<div class=\"elementor-widget-container\">\n\t\t\t\t\t\t\t\t\t\t\t\t\t\t\t<img decoding=\"async\" width=\"100\" height=\"103\" data-src=\"https:\/\/parqueecologicogouveia.pt\/wp-content\/uploads\/2023\/09\/logo-white.png\" class=\"attachment-thumbnail size-thumbnail wp-image-799 lazyload\" alt=\"\" src=\"data:image\/svg+xml;base64,PHN2ZyB3aWR0aD0iMSIgaGVpZ2h0PSIxIiB4bWxucz0iaHR0cDovL3d3dy53My5vcmcvMjAwMC9zdmciPjwvc3ZnPg==\" style=\"--smush-placeholder-width: 100px; --smush-placeholder-aspect-ratio: 100\/103;\" \/>\t\t\t\t\t\t\t\t\t\t\t\t\t\t\t<\/div>\n\t\t\t\t<\/div>\n\t\t\t\t\t<\/div>\n\t\t\t\t<\/div>\n\t\t<div class=\"elementor-element elementor-element-74df6dc e-flex e-con-boxed e-con e-child\" data-id=\"74df6dc\" data-element_type=\"container\" data-e-type=\"container\" data-settings=\"{&quot;background_background&quot;:&quot;classic&quot;}\">\n\t\t\t\t\t<div class=\"e-con-inner\">\n\t\t<div class=\"elementor-element elementor-element-cdae3c7 e-grid e-con-boxed e-con e-child\" data-id=\"cdae3c7\" data-element_type=\"container\" data-e-type=\"container\">\n\t\t\t\t\t<div class=\"e-con-inner\">\n\t\t\t\t<div class=\"elementor-element elementor-element-5535859 elementor-widget elementor-widget-image\" data-id=\"5535859\" data-element_type=\"widget\" data-e-type=\"widget\" data-widget_type=\"image.default\">\n\t\t\t\t<div class=\"elementor-widget-container\">\n\t\t\t\t\t\t\t\t\t\t\t\t\t\t\t<img decoding=\"async\" data-src=\"https:\/\/parqueecologicogouveia.pt\/wp-content\/uploads\/2024\/04\/como_sao_domesticos2.png\" title=\"como_sao_domesticos2\" alt=\"como_sao_domesticos2\" src=\"data:image\/svg+xml;base64,PHN2ZyB3aWR0aD0iMSIgaGVpZ2h0PSIxIiB4bWxucz0iaHR0cDovL3d3dy53My5vcmcvMjAwMC9zdmciPjwvc3ZnPg==\" class=\"lazyload\" style=\"--smush-placeholder-width: 151px; --smush-placeholder-aspect-ratio: 151\/118;\" \/>\t\t\t\t\t\t\t\t\t\t\t\t\t\t\t<\/div>\n\t\t\t\t<\/div>\n\t\t<div class=\"elementor-element elementor-element-93d45d3 e-flex e-con-boxed e-con e-child\" data-id=\"93d45d3\" data-element_type=\"container\" data-e-type=\"container\">\n\t\t\t\t\t<div class=\"e-con-inner\">\n\t\t\t\t<div class=\"elementor-element elementor-element-6631e3a elementor-widget elementor-widget-heading\" data-id=\"6631e3a\" data-element_type=\"widget\" data-e-type=\"widget\" data-widget_type=\"heading.default\">\n\t\t\t\t<div class=\"elementor-widget-container\">\n\t\t\t\t\t<h2 class=\"elementor-heading-title elementor-size-default\">como s\u00e3o?<\/h2>\t\t\t\t<\/div>\n\t\t\t\t<\/div>\n\t\t\t\t<div class=\"elementor-element elementor-element-3ac77b8 elementor-widget elementor-widget-text-editor\" data-id=\"3ac77b8\" data-element_type=\"widget\" data-e-type=\"widget\" data-widget_type=\"text-editor.default\">\n\t\t\t\t<div class=\"elementor-widget-container\">\n\t\t\t\t\t\t\t\t\t<p>A ra\u00e7a Serra da Estrela apresenta uma estatura mediana, podendo os machos atingir os 100kg e as f\u00eameas metade desse peso. Caracteriza-se por uma cabe\u00e7a de forma piramidal nos quais assentam cornos de comprimento vari\u00e1vel, de forma espiralada, rugosos, fortes na base e finos na ponta. Podem apresentar l\u00e3 de cor preta ou l\u00e3 de cor branca.<\/p>\t\t\t\t\t\t\t\t<\/div>\n\t\t\t\t<\/div>\n\t\t\t\t\t<\/div>\n\t\t\t\t<\/div>\n\t\t\t\t<div class=\"elementor-element elementor-element-fc9e89e elementor-widget elementor-widget-image\" data-id=\"fc9e89e\" data-element_type=\"widget\" data-e-type=\"widget\" data-widget_type=\"image.default\">\n\t\t\t\t<div class=\"elementor-widget-container\">\n\t\t\t\t\t\t\t\t\t\t\t\t\t\t\t<img decoding=\"async\" data-src=\"https:\/\/parqueecologicogouveia.pt\/wp-content\/uploads\/2024\/04\/que_comem_domesticos2.png\" title=\"que_comem_domesticos2\" alt=\"que_comem_domesticos2\" src=\"data:image\/svg+xml;base64,PHN2ZyB3aWR0aD0iMSIgaGVpZ2h0PSIxIiB4bWxucz0iaHR0cDovL3d3dy53My5vcmcvMjAwMC9zdmciPjwvc3ZnPg==\" class=\"lazyload\" style=\"--smush-placeholder-width: 151px; --smush-placeholder-aspect-ratio: 151\/118;\" \/>\t\t\t\t\t\t\t\t\t\t\t\t\t\t\t<\/div>\n\t\t\t\t<\/div>\n\t\t<div class=\"elementor-element elementor-element-bb278fc e-flex e-con-boxed e-con e-child\" data-id=\"bb278fc\" data-element_type=\"container\" data-e-type=\"container\">\n\t\t\t\t\t<div class=\"e-con-inner\">\n\t\t\t\t<div class=\"elementor-element elementor-element-6e3de50 elementor-widget elementor-widget-heading\" data-id=\"6e3de50\" data-element_type=\"widget\" data-e-type=\"widget\" data-widget_type=\"heading.default\">\n\t\t\t\t<div class=\"elementor-widget-container\">\n\t\t\t\t\t<h2 class=\"elementor-heading-title elementor-size-default\">o que comem?<\/h2>\t\t\t\t<\/div>\n\t\t\t\t<\/div>\n\t\t\t\t<div class=\"elementor-element elementor-element-3502b27 elementor-widget elementor-widget-text-editor\" data-id=\"3502b27\" data-element_type=\"widget\" data-e-type=\"widget\" data-widget_type=\"text-editor.default\">\n\t\t\t\t<div class=\"elementor-widget-container\">\n\t\t\t\t\t\t\t\t\t<p>A dieta da ovelha \u00e9 herb\u00edvora.<\/p>\t\t\t\t\t\t\t\t<\/div>\n\t\t\t\t<\/div>\n\t\t\t\t\t<\/div>\n\t\t\t\t<\/div>\n\t\t\t\t<div class=\"elementor-element elementor-element-988e2a6 elementor-widget elementor-widget-image\" data-id=\"988e2a6\" data-element_type=\"widget\" data-e-type=\"widget\" data-widget_type=\"image.default\">\n\t\t\t\t<div class=\"elementor-widget-container\">\n\t\t\t\t\t\t\t\t\t\t\t\t\t\t\t<img decoding=\"async\" data-src=\"https:\/\/parqueecologicogouveia.pt\/wp-content\/uploads\/2024\/04\/reproduzem_domesticos2.png\" title=\"reproduzem_domesticos2\" alt=\"reproduzem_domesticos2\" src=\"data:image\/svg+xml;base64,PHN2ZyB3aWR0aD0iMSIgaGVpZ2h0PSIxIiB4bWxucz0iaHR0cDovL3d3dy53My5vcmcvMjAwMC9zdmciPjwvc3ZnPg==\" class=\"lazyload\" style=\"--smush-placeholder-width: 151px; --smush-placeholder-aspect-ratio: 151\/118;\" \/>\t\t\t\t\t\t\t\t\t\t\t\t\t\t\t<\/div>\n\t\t\t\t<\/div>\n\t\t<div class=\"elementor-element elementor-element-4cf7659 e-flex e-con-boxed e-con e-child\" data-id=\"4cf7659\" data-element_type=\"container\" data-e-type=\"container\">\n\t\t\t\t\t<div class=\"e-con-inner\">\n\t\t\t\t<div class=\"elementor-element elementor-element-1493669 elementor-widget elementor-widget-heading\" data-id=\"1493669\" data-element_type=\"widget\" data-e-type=\"widget\" data-widget_type=\"heading.default\">\n\t\t\t\t<div class=\"elementor-widget-container\">\n\t\t\t\t\t<h2 class=\"elementor-heading-title elementor-size-default\">Como se reproduzem?<\/h2>\t\t\t\t<\/div>\n\t\t\t\t<\/div>\n\t\t\t\t<div class=\"elementor-element elementor-element-f342567 elementor-widget elementor-widget-text-editor\" data-id=\"f342567\" data-element_type=\"widget\" data-e-type=\"widget\" data-widget_type=\"text-editor.default\">\n\t\t\t\t<div class=\"elementor-widget-container\">\n\t\t\t\t\t\t\t\t\t<p>O per\u00edodo de gesta\u00e7\u00e3o dura 5 meses (2 ninhadas por ano) e nascem 1 a 2 crias por ninhada.<\/p>\t\t\t\t\t\t\t\t<\/div>\n\t\t\t\t<\/div>\n\t\t\t\t\t<\/div>\n\t\t\t\t<\/div>\n\t\t\t\t<div class=\"elementor-element elementor-element-eeb160e elementor-widget elementor-widget-image\" data-id=\"eeb160e\" data-element_type=\"widget\" data-e-type=\"widget\" data-widget_type=\"image.default\">\n\t\t\t\t<div class=\"elementor-widget-container\">\n\t\t\t\t\t\t\t\t\t\t\t\t\t\t\t<img decoding=\"async\" data-src=\"https:\/\/parqueecologicogouveia.pt\/wp-content\/uploads\/2024\/04\/onde_se_encontram_domesticos.png\" title=\"onde_se_encontram_domesticos\" alt=\"onde_se_encontram_domesticos\" src=\"data:image\/svg+xml;base64,PHN2ZyB3aWR0aD0iMSIgaGVpZ2h0PSIxIiB4bWxucz0iaHR0cDovL3d3dy53My5vcmcvMjAwMC9zdmciPjwvc3ZnPg==\" class=\"lazyload\" style=\"--smush-placeholder-width: 151px; --smush-placeholder-aspect-ratio: 151\/118;\" \/>\t\t\t\t\t\t\t\t\t\t\t\t\t\t\t<\/div>\n\t\t\t\t<\/div>\n\t\t<div class=\"elementor-element elementor-element-4f45e17 e-flex e-con-boxed e-con e-child\" data-id=\"4f45e17\" data-element_type=\"container\" data-e-type=\"container\">\n\t\t\t\t\t<div class=\"e-con-inner\">\n\t\t\t\t<div class=\"elementor-element elementor-element-a3dc428 elementor-widget elementor-widget-heading\" data-id=\"a3dc428\" data-element_type=\"widget\" data-e-type=\"widget\" data-widget_type=\"heading.default\">\n\t\t\t\t<div class=\"elementor-widget-container\">\n\t\t\t\t\t<h2 class=\"elementor-heading-title elementor-size-default\">onde se encontram?<\/h2>\t\t\t\t<\/div>\n\t\t\t\t<\/div>\n\t\t\t\t<div class=\"elementor-element elementor-element-1dd1b6c elementor-widget elementor-widget-text-editor\" data-id=\"1dd1b6c\" data-element_type=\"widget\" data-e-type=\"widget\" data-widget_type=\"text-editor.default\">\n\t\t\t\t<div class=\"elementor-widget-container\">\n\t\t\t\t\t\t\t\t\t<p>Regi\u00e3o da Serra da Estrela.<\/p>\t\t\t\t\t\t\t\t<\/div>\n\t\t\t\t<\/div>\n\t\t\t\t\t<\/div>\n\t\t\t\t<\/div>\n\t\t\t\t\t<\/div>\n\t\t\t\t<\/div>\n\t\t<div class=\"elementor-element elementor-element-2bc68f6 e-flex e-con-boxed e-con e-child\" data-id=\"2bc68f6\" data-element_type=\"container\" data-e-type=\"container\">\n\t\t\t\t\t<div class=\"e-con-inner\">\n\t\t\t\t<div class=\"elementor-element elementor-element-33edc61 elementor-widget elementor-widget-gallery\" data-id=\"33edc61\" data-element_type=\"widget\" data-e-type=\"widget\" data-settings=\"{&quot;lazyload&quot;:&quot;yes&quot;,&quot;gallery_layout&quot;:&quot;grid&quot;,&quot;columns&quot;:4,&quot;columns_tablet&quot;:2,&quot;columns_mobile&quot;:1,&quot;gap&quot;:{&quot;unit&quot;:&quot;px&quot;,&quot;size&quot;:10,&quot;sizes&quot;:[]},&quot;gap_tablet&quot;:{&quot;unit&quot;:&quot;px&quot;,&quot;size&quot;:10,&quot;sizes&quot;:[]},&quot;gap_mobile&quot;:{&quot;unit&quot;:&quot;px&quot;,&quot;size&quot;:10,&quot;sizes&quot;:[]},&quot;link_to&quot;:&quot;file&quot;,&quot;aspect_ratio&quot;:&quot;3:2&quot;,&quot;overlay_background&quot;:&quot;yes&quot;,&quot;content_hover_animation&quot;:&quot;fade-in&quot;}\" data-widget_type=\"gallery.default\">\n\t\t\t\t<div class=\"elementor-widget-container\">\n\t\t\t\t\t\t\t<div class=\"elementor-gallery__container\">\n\t\t\t\t\t\t\t<a class=\"e-gallery-item elementor-gallery-item elementor-animated-content\" href=\"https:\/\/parqueecologicogouveia.pt\/wp-content\/uploads\/2024\/12\/3D2A2390-scaled.jpg\" data-elementor-open-lightbox=\"yes\" data-elementor-lightbox-slideshow=\"33edc61\" data-elementor-lightbox-title=\"3D2A2390\" data-e-action-hash=\"#elementor-action%3Aaction%3Dlightbox%26settings%3DeyJpZCI6MzEwNiwidXJsIjoiaHR0cHM6XC9cL3BhcnF1ZWVjb2xvZ2ljb2dvdXZlaWEucHRcL3dwLWNvbnRlbnRcL3VwbG9hZHNcLzIwMjRcLzEyXC8zRDJBMjM5MC1zY2FsZWQuanBnIiwic2xpZGVzaG93IjoiMzNlZGM2MSJ9\">\n\t\t\t\t\t<div class=\"e-gallery-image elementor-gallery-item__image\" data-thumbnail=\"https:\/\/parqueecologicogouveia.pt\/wp-content\/uploads\/2024\/12\/3D2A2390-300x200.jpg\" data-width=\"300\" data-height=\"200\" aria-label=\"\" role=\"img\" ><\/div>\n\t\t\t\t\t\t\t\t\t\t\t<div class=\"elementor-gallery-item__overlay\"><\/div>\n\t\t\t\t\t\t\t\t\t\t\t\t\t\t<\/a>\n\t\t\t\t\t\t\t<a class=\"e-gallery-item elementor-gallery-item elementor-animated-content\" href=\"https:\/\/parqueecologicogouveia.pt\/wp-content\/uploads\/2024\/12\/3D2A2392-scaled.jpg\" data-elementor-open-lightbox=\"yes\" data-elementor-lightbox-slideshow=\"33edc61\" data-elementor-lightbox-title=\"3D2A2392\" data-e-action-hash=\"#elementor-action%3Aaction%3Dlightbox%26settings%3DeyJpZCI6MzEwOCwidXJsIjoiaHR0cHM6XC9cL3BhcnF1ZWVjb2xvZ2ljb2dvdXZlaWEucHRcL3dwLWNvbnRlbnRcL3VwbG9hZHNcLzIwMjRcLzEyXC8zRDJBMjM5Mi1zY2FsZWQuanBnIiwic2xpZGVzaG93IjoiMzNlZGM2MSJ9\">\n\t\t\t\t\t<div class=\"e-gallery-image elementor-gallery-item__image\" data-thumbnail=\"https:\/\/parqueecologicogouveia.pt\/wp-content\/uploads\/2024\/12\/3D2A2392-300x200.jpg\" data-width=\"300\" data-height=\"200\" aria-label=\"\" role=\"img\" ><\/div>\n\t\t\t\t\t\t\t\t\t\t\t<div class=\"elementor-gallery-item__overlay\"><\/div>\n\t\t\t\t\t\t\t\t\t\t\t\t\t\t<\/a>\n\t\t\t\t\t\t\t<a class=\"e-gallery-item elementor-gallery-item elementor-animated-content\" href=\"https:\/\/parqueecologicogouveia.pt\/wp-content\/uploads\/2024\/12\/3D2A2401-scaled.jpg\" data-elementor-open-lightbox=\"yes\" data-elementor-lightbox-slideshow=\"33edc61\" data-elementor-lightbox-title=\"3D2A2401\" data-e-action-hash=\"#elementor-action%3Aaction%3Dlightbox%26settings%3DeyJpZCI6MzEwOSwidXJsIjoiaHR0cHM6XC9cL3BhcnF1ZWVjb2xvZ2ljb2dvdXZlaWEucHRcL3dwLWNvbnRlbnRcL3VwbG9hZHNcLzIwMjRcLzEyXC8zRDJBMjQwMS1zY2FsZWQuanBnIiwic2xpZGVzaG93IjoiMzNlZGM2MSJ9\">\n\t\t\t\t\t<div class=\"e-gallery-image elementor-gallery-item__image\" data-thumbnail=\"https:\/\/parqueecologicogouveia.pt\/wp-content\/uploads\/2024\/12\/3D2A2401-300x200.jpg\" data-width=\"300\" data-height=\"200\" aria-label=\"\" role=\"img\" ><\/div>\n\t\t\t\t\t\t\t\t\t\t\t<div class=\"elementor-gallery-item__overlay\"><\/div>\n\t\t\t\t\t\t\t\t\t\t\t\t\t\t<\/a>\n\t\t\t\t\t\t\t<a class=\"e-gallery-item elementor-gallery-item elementor-animated-content\" href=\"https:\/\/parqueecologicogouveia.pt\/wp-content\/uploads\/2024\/12\/3D2A2389-scaled.jpg\" data-elementor-open-lightbox=\"yes\" data-elementor-lightbox-slideshow=\"33edc61\" data-elementor-lightbox-title=\"3D2A2389\" data-e-action-hash=\"#elementor-action%3Aaction%3Dlightbox%26settings%3DeyJpZCI6MzEwNSwidXJsIjoiaHR0cHM6XC9cL3BhcnF1ZWVjb2xvZ2ljb2dvdXZlaWEucHRcL3dwLWNvbnRlbnRcL3VwbG9hZHNcLzIwMjRcLzEyXC8zRDJBMjM4OS1zY2FsZWQuanBnIiwic2xpZGVzaG93IjoiMzNlZGM2MSJ9\">\n\t\t\t\t\t<div class=\"e-gallery-image elementor-gallery-item__image\" data-thumbnail=\"https:\/\/parqueecologicogouveia.pt\/wp-content\/uploads\/2024\/12\/3D2A2389-300x200.jpg\" data-width=\"300\" data-height=\"200\" aria-label=\"\" role=\"img\" ><\/div>\n\t\t\t\t\t\t\t\t\t\t\t<div class=\"elementor-gallery-item__overlay\"><\/div>\n\t\t\t\t\t\t\t\t\t\t\t\t\t\t<\/a>\n\t\t\t\t\t<\/div>\n\t\t\t\t\t<\/div>\n\t\t\t\t<\/div>\n\t\t<div class=\"elementor-element elementor-element-6eb528e e-grid e-con-boxed e-con e-child\" data-id=\"6eb528e\" data-element_type=\"container\" data-e-type=\"container\">\n\t\t\t\t\t<div class=\"e-con-inner\">\n\t\t<div class=\"elementor-element elementor-element-5f52d80 elementor-hidden-mobile e-flex e-con-boxed e-con e-child\" data-id=\"5f52d80\" data-element_type=\"container\" data-e-type=\"container\">\n\t\t\t\t\t<div class=\"e-con-inner\">\n\t\t\t\t\t<\/div>\n\t\t\t\t<\/div>\n\t\t<div class=\"elementor-element elementor-element-3925ea1 e-flex e-con-boxed e-con e-child\" data-id=\"3925ea1\" data-element_type=\"container\" data-e-type=\"container\">\n\t\t\t\t\t<div class=\"e-con-inner\">\n\t\t\t\t<div class=\"elementor-element elementor-element-a67ece5 elementor-align-right elementor-widget elementor-widget-button\" data-id=\"a67ece5\" data-element_type=\"widget\" data-e-type=\"widget\" data-widget_type=\"button.default\">\n\t\t\t\t<div class=\"elementor-widget-container\">\n\t\t\t\t\t\t\t\t\t<div class=\"elementor-button-wrapper\">\n\t\t\t\t\t<a class=\"elementor-button elementor-button-link elementor-size-sm\" href=\"?page_id=586\">\n\t\t\t\t\t\t<span class=\"elementor-button-content-wrapper\">\n\t\t\t\t\t\t\t\t\t<span class=\"elementor-button-text\">Voltar para animais<\/span>\n\t\t\t\t\t<\/span>\n\t\t\t\t\t<\/a>\n\t\t\t\t<\/div>\n\t\t\t\t\t\t\t\t<\/div>\n\t\t\t\t<\/div>\n\t\t\t\t\t<\/div>\n\t\t\t\t<\/div>\n\t\t<div class=\"elementor-element elementor-element-8b7179d elementor-hidden-mobile e-flex e-con-boxed e-con e-child\" data-id=\"8b7179d\" data-element_type=\"container\" data-e-type=\"container\">\n\t\t\t\t\t<div class=\"e-con-inner\">\n\t\t\t\t\t<\/div>\n\t\t\t\t<\/div>\n\t\t<div class=\"elementor-element elementor-element-5803afd e-flex e-con-boxed e-con e-child\" data-id=\"5803afd\" data-element_type=\"container\" data-e-type=\"container\">\n\t\t\t\t\t<div class=\"e-con-inner\">\n\t\t\t\t<div class=\"elementor-element elementor-element-373c3fc elementor-align-right elementor-widget elementor-widget-button\" data-id=\"373c3fc\" data-element_type=\"widget\" data-e-type=\"widget\" data-widget_type=\"button.default\">\n\t\t\t\t<div class=\"elementor-widget-container\">\n\t\t\t\t\t\t\t\t\t<div class=\"elementor-button-wrapper\">\n\t\t\t\t\t<a class=\"elementor-button elementor-button-link elementor-size-sm\" href=\"?page_id=974\">\n\t\t\t\t\t\t<span class=\"elementor-button-content-wrapper\">\n\t\t\t\t\t\t\t\t\t<span class=\"elementor-button-text\">Anterior<\/span>\n\t\t\t\t\t<\/span>\n\t\t\t\t\t<\/a>\n\t\t\t\t<\/div>\n\t\t\t\t\t\t\t\t<\/div>\n\t\t\t\t<\/div>\n\t\t\t\t\t<\/div>\n\t\t\t\t<\/div>\n\t\t<div class=\"elementor-element elementor-element-2e3e268 e-flex e-con-boxed e-con e-child\" data-id=\"2e3e268\" data-element_type=\"container\" data-e-type=\"container\">\n\t\t\t\t\t<div class=\"e-con-inner\">\n\t\t\t\t<div class=\"elementor-element elementor-element-20e4e07 elementor-align-left elementor-mobile-align-right elementor-widget elementor-widget-button\" data-id=\"20e4e07\" data-element_type=\"widget\" data-e-type=\"widget\" data-widget_type=\"button.default\">\n\t\t\t\t<div class=\"elementor-widget-container\">\n\t\t\t\t\t\t\t\t\t<div class=\"elementor-button-wrapper\">\n\t\t\t\t\t<a class=\"elementor-button elementor-button-link elementor-size-sm\" href=\"?page_id=994\">\n\t\t\t\t\t\t<span class=\"elementor-button-content-wrapper\">\n\t\t\t\t\t\t\t\t\t<span class=\"elementor-button-text\">Pr\u00f3ximo<\/span>\n\t\t\t\t\t<\/span>\n\t\t\t\t\t<\/a>\n\t\t\t\t<\/div>\n\t\t\t\t\t\t\t\t<\/div>\n\t\t\t\t<\/div>\n\t\t\t\t\t<\/div>\n\t\t\t\t<\/div>\n\t\t\t\t\t<\/div>\n\t\t\t\t<\/div>\n\t\t\t\t\t<\/div>\n\t\t\t\t<\/div>\n\t\t\t\t\t<\/div>\n\t\t\t\t<\/div>\n\t\t<div class=\"elementor-element elementor-element-6957ba5 e-flex e-con-boxed e-con e-child\" data-id=\"6957ba5\" data-element_type=\"container\" data-e-type=\"container\">\n\t\t\t\t\t<div class=\"e-con-inner\">\n\t\t\t\t<div class=\"elementor-element elementor-element-a40dce7 elementor-widget elementor-widget-image\" data-id=\"a40dce7\" data-element_type=\"widget\" data-e-type=\"widget\" data-widget_type=\"image.default\">\n\t\t\t\t<div class=\"elementor-widget-container\">\n\t\t\t\t\t\t\t\t\t\t\t\t\t\t\t<img decoding=\"async\" data-src=\"https:\/\/parqueecologicogouveia.pt\/wp-content\/uploads\/2023\/05\/Contemplar.png\" title=\"Contemplar\" alt=\"Contemplar\" src=\"data:image\/svg+xml;base64,PHN2ZyB3aWR0aD0iMSIgaGVpZ2h0PSIxIiB4bWxucz0iaHR0cDovL3d3dy53My5vcmcvMjAwMC9zdmciPjwvc3ZnPg==\" class=\"lazyload\" style=\"--smush-placeholder-width: 591px; --smush-placeholder-aspect-ratio: 591\/591;\" \/>\t\t\t\t\t\t\t\t\t\t\t\t\t\t\t<\/div>\n\t\t\t\t<\/div>\n\t\t\t\t\t<\/div>\n\t\t\t\t<\/div>\n\t\t\t\t\t<\/div>\n\t\t\t\t<\/div>\n\t\t\t\t<\/div>\n\t\t","protected":false},"excerpt":{"rendered":"<p>OVELHA BORDALEIRA DA SERRA DA ESTRELA Ovis aries como s\u00e3o? A ra\u00e7a Serra da Estrela apresenta uma estatura mediana, podendo os machos atingir os 100kg e as f\u00eameas metade desse peso. Caracteriza-se por uma cabe\u00e7a de forma piramidal nos quais assentam cornos de comprimento vari\u00e1vel, de forma espiralada, rugosos, fortes na base e finos na [&hellip;]<\/p>\n","protected":false},"author":1,"featured_media":0,"parent":0,"menu_order":0,"comment_status":"closed","ping_status":"closed","template":"elementor_canvas","meta":{"_acf_changed":false,"footnotes":""},"class_list":["post-984","page","type-page","status-publish","hentry"],"acf":[],"_links":{"self":[{"href":"https:\/\/parqueecologicogouveia.pt\/index.php?rest_route=\/wp\/v2\/pages\/984","targetHints":{"allow":["GET"]}}],"collection":[{"href":"https:\/\/parqueecologicogouveia.pt\/index.php?rest_route=\/wp\/v2\/pages"}],"about":[{"href":"https:\/\/parqueecologicogouveia.pt\/index.php?rest_route=\/wp\/v2\/types\/page"}],"author":[{"embeddable":true,"href":"https:\/\/parqueecologicogouveia.pt\/index.php?rest_route=\/wp\/v2\/users\/1"}],"replies":[{"embeddable":true,"href":"https:\/\/parqueecologicogouveia.pt\/index.php?rest_route=%2Fwp%2Fv2%2Fcomments&post=984"}],"version-history":[{"count":49,"href":"https:\/\/parqueecologicogouveia.pt\/index.php?rest_route=\/wp\/v2\/pages\/984\/revisions"}],"predecessor-version":[{"id":3332,"href":"https:\/\/parqueecologicogouveia.pt\/index.php?rest_route=\/wp\/v2\/pages\/984\/revisions\/3332"}],"wp:attachment":[{"href":"https:\/\/parqueecologicogouveia.pt\/index.php?rest_route=%2Fwp%2Fv2%2Fmedia&parent=984"}],"curies":[{"name":"wp","href":"https:\/\/api.w.org\/{rel}","templated":true}]}}