{"id":966,"date":"2024-04-09T13:47:21","date_gmt":"2024-04-09T13:47:21","guid":{"rendered":"https:\/\/parqueecologicogouveia.pt\/parque\/\/?page_id=966"},"modified":"2024-12-09T12:20:52","modified_gmt":"2024-12-09T12:20:52","slug":"veado-2-2-2-2-2-2-2","status":"publish","type":"page","link":"https:\/\/parqueecologicogouveia.pt\/?page_id=966","title":{"rendered":"C\u00e3o Serra da Estrela"},"content":{"rendered":"\t\t<div data-elementor-type=\"wp-page\" data-elementor-id=\"966\" class=\"elementor elementor-966\" data-elementor-post-type=\"page\">\n\t\t\t\t<div class=\"elementor-element elementor-element-f35edfa e-flex e-con-boxed e-con e-parent\" data-id=\"f35edfa\" data-element_type=\"container\" data-e-type=\"container\" data-settings=\"{&quot;background_background&quot;:&quot;classic&quot;}\">\n\t\t\t\t\t<div class=\"e-con-inner\">\n\t\t<div class=\"elementor-element elementor-element-2dbb099 e-grid e-con-boxed e-con e-child\" data-id=\"2dbb099\" data-element_type=\"container\" data-e-type=\"container\">\n\t\t\t\t\t<div class=\"e-con-inner\">\n\t\t\t\t<div class=\"elementor-element elementor-element-ca6909f elementor-widget elementor-widget-heading\" data-id=\"ca6909f\" data-element_type=\"widget\" data-e-type=\"widget\" data-widget_type=\"heading.default\">\n\t\t\t\t<div class=\"elementor-widget-container\">\n\t\t\t\t\t<h2 class=\"elementor-heading-title elementor-size-default\">C\u00c3O-SERRA-DA-ESTRELA<\/h2>\t\t\t\t<\/div>\n\t\t\t\t<\/div>\n\t\t\t\t<div class=\"elementor-element elementor-element-9582c01 elementor-widget elementor-widget-heading\" data-id=\"9582c01\" data-element_type=\"widget\" data-e-type=\"widget\" data-widget_type=\"heading.default\">\n\t\t\t\t<div class=\"elementor-widget-container\">\n\t\t\t\t\t<h2 class=\"elementor-heading-title elementor-size-default\">Canis lupus familiaris<\/h2>\t\t\t\t<\/div>\n\t\t\t\t<\/div>\n\t\t\t\t<div class=\"elementor-element elementor-element-cdc36c1 elementor-widget elementor-widget-image\" data-id=\"cdc36c1\" data-element_type=\"widget\" data-e-type=\"widget\" data-widget_type=\"image.default\">\n\t\t\t\t<div class=\"elementor-widget-container\">\n\t\t\t\t\t\t\t\t\t\t\t\t\t\t\t<img decoding=\"async\" width=\"100\" height=\"103\" data-src=\"https:\/\/parqueecologicogouveia.pt\/wp-content\/uploads\/2023\/09\/logo-white.png\" class=\"attachment-thumbnail size-thumbnail wp-image-799 lazyload\" alt=\"\" src=\"data:image\/svg+xml;base64,PHN2ZyB3aWR0aD0iMSIgaGVpZ2h0PSIxIiB4bWxucz0iaHR0cDovL3d3dy53My5vcmcvMjAwMC9zdmciPjwvc3ZnPg==\" style=\"--smush-placeholder-width: 100px; --smush-placeholder-aspect-ratio: 100\/103;\" \/>\t\t\t\t\t\t\t\t\t\t\t\t\t\t\t<\/div>\n\t\t\t\t<\/div>\n\t\t\t\t\t<\/div>\n\t\t\t\t<\/div>\n\t\t<div class=\"elementor-element elementor-element-74df6dc e-flex e-con-boxed e-con e-child\" data-id=\"74df6dc\" data-element_type=\"container\" data-e-type=\"container\" data-settings=\"{&quot;background_background&quot;:&quot;classic&quot;}\">\n\t\t\t\t\t<div class=\"e-con-inner\">\n\t\t<div class=\"elementor-element elementor-element-cdae3c7 e-grid e-con-full e-con e-child\" data-id=\"cdae3c7\" data-element_type=\"container\" data-e-type=\"container\">\n\t\t\t\t<div class=\"elementor-element elementor-element-5535859 elementor-widget elementor-widget-image\" data-id=\"5535859\" data-element_type=\"widget\" data-e-type=\"widget\" data-widget_type=\"image.default\">\n\t\t\t\t<div class=\"elementor-widget-container\">\n\t\t\t\t\t\t\t\t\t\t\t\t\t\t\t<img decoding=\"async\" data-src=\"https:\/\/parqueecologicogouveia.pt\/wp-content\/uploads\/2024\/04\/onde_se_encontram_domesticos.png\" title=\"onde_se_encontram_domesticos\" alt=\"onde_se_encontram_domesticos\" src=\"data:image\/svg+xml;base64,PHN2ZyB3aWR0aD0iMSIgaGVpZ2h0PSIxIiB4bWxucz0iaHR0cDovL3d3dy53My5vcmcvMjAwMC9zdmciPjwvc3ZnPg==\" class=\"lazyload\" style=\"--smush-placeholder-width: 151px; --smush-placeholder-aspect-ratio: 151\/118;\" \/>\t\t\t\t\t\t\t\t\t\t\t\t\t\t\t<\/div>\n\t\t\t\t<\/div>\n\t\t<div class=\"elementor-element elementor-element-93d45d3 e-flex e-con-boxed e-con e-child\" data-id=\"93d45d3\" data-element_type=\"container\" data-e-type=\"container\">\n\t\t\t\t\t<div class=\"e-con-inner\">\n\t\t\t\t<div class=\"elementor-element elementor-element-6631e3a elementor-widget elementor-widget-heading\" data-id=\"6631e3a\" data-element_type=\"widget\" data-e-type=\"widget\" data-widget_type=\"heading.default\">\n\t\t\t\t<div class=\"elementor-widget-container\">\n\t\t\t\t\t<h2 class=\"elementor-heading-title elementor-size-default\">Onde se podem ver?<\/h2>\t\t\t\t<\/div>\n\t\t\t\t<\/div>\n\t\t\t\t<div class=\"elementor-element elementor-element-3ac77b8 elementor-widget elementor-widget-text-editor\" data-id=\"3ac77b8\" data-element_type=\"widget\" data-e-type=\"widget\" data-widget_type=\"text-editor.default\">\n\t\t\t\t<div class=\"elementor-widget-container\">\n\t\t\t\t\t\t\t\t\t<div>\u00a0<\/div><div>O C\u00e3o da Serra da Estrela pode ser encontrado em v\u00e1rios locais de Portugal, mas \u00e9 origin\u00e1rio da Serra da Estrela.<\/div>\t\t\t\t\t\t\t\t<\/div>\n\t\t\t\t<\/div>\n\t\t\t\t\t<\/div>\n\t\t\t\t<\/div>\n\t\t\t\t<div class=\"elementor-element elementor-element-185f985 elementor-widget elementor-widget-image\" data-id=\"185f985\" data-element_type=\"widget\" data-e-type=\"widget\" data-widget_type=\"image.default\">\n\t\t\t\t<div class=\"elementor-widget-container\">\n\t\t\t\t\t\t\t\t\t\t\t\t\t\t\t<img decoding=\"async\" width=\"150\" height=\"117\" data-src=\"https:\/\/parqueecologicogouveia.pt\/wp-content\/uploads\/2024\/04\/como_sao_domesticos.png\" class=\"attachment-thumbnail size-thumbnail wp-image-969 lazyload\" alt=\"\" src=\"data:image\/svg+xml;base64,PHN2ZyB3aWR0aD0iMSIgaGVpZ2h0PSIxIiB4bWxucz0iaHR0cDovL3d3dy53My5vcmcvMjAwMC9zdmciPjwvc3ZnPg==\" style=\"--smush-placeholder-width: 150px; --smush-placeholder-aspect-ratio: 150\/117;\" \/>\t\t\t\t\t\t\t\t\t\t\t\t\t\t\t<\/div>\n\t\t\t\t<\/div>\n\t\t\t\t<div class=\"elementor-element elementor-element-5abac6e elementor-widget elementor-widget-text-editor\" data-id=\"5abac6e\" data-element_type=\"widget\" data-e-type=\"widget\" data-widget_type=\"text-editor.default\">\n\t\t\t\t<div class=\"elementor-widget-container\">\n\t\t\t\t\t\t\t\t\t<p style=\"color: var( --e-global-color-accent ); font-family: 'Rammetto One', sans-serif; font-size: 30px; font-weight: 400; text-transform: uppercase;\" data-elementor-setting-key=\"title\" data-pen-placeholder=\"Digite aqui...\">como s\u00e3o?<\/p>\n<div style=\"color: #ffffff; text-align: justify;\">\n<p>O C\u00e3o da Serra da Estrela \u00e9 um c\u00e3o de grande porte, de linhas r\u00fasticas e aspeto poderoso. Mede entre 62 a 72 cm de altura, tem um peso de 40 a 50kg e apresenta duas variedades de pelagem &#8211; pelo comprido e pelo curto. A cabe\u00e7a \u00e9 volumosa e imponente e o cr\u00e2nio arredondado. Tem uns olhos ovais, castanhos, express\u00e3o inteligente e serena. As orelhas s\u00e3o pequenas e pendentes sendo revestidas por pelo macio. A cauda \u00e9 comprida, grossa e mantida desca\u00edda.<\/p>\n<p>S\u00e3o animais inteligentes e leais.<\/p>\n<\/div>\t\t\t\t\t\t\t\t<\/div>\n\t\t\t\t<\/div>\n\t\t\t\t<\/div>\n\t\t\t\t\t<\/div>\n\t\t\t\t<\/div>\n\t\t<div class=\"elementor-element elementor-element-6957ba5 e-flex e-con-boxed e-con e-child\" data-id=\"6957ba5\" data-element_type=\"container\" data-e-type=\"container\">\n\t\t\t\t\t<div class=\"e-con-inner\">\n\t\t<div class=\"elementor-element elementor-element-2bc68f6 e-con-full e-flex e-con e-child\" data-id=\"2bc68f6\" data-element_type=\"container\" data-e-type=\"container\">\n\t\t\t\t<div class=\"elementor-element elementor-element-33edc61 elementor-widget elementor-widget-gallery\" data-id=\"33edc61\" data-element_type=\"widget\" data-e-type=\"widget\" data-settings=\"{&quot;lazyload&quot;:&quot;yes&quot;,&quot;gallery_layout&quot;:&quot;grid&quot;,&quot;columns&quot;:4,&quot;columns_tablet&quot;:2,&quot;columns_mobile&quot;:1,&quot;gap&quot;:{&quot;unit&quot;:&quot;px&quot;,&quot;size&quot;:10,&quot;sizes&quot;:[]},&quot;gap_tablet&quot;:{&quot;unit&quot;:&quot;px&quot;,&quot;size&quot;:10,&quot;sizes&quot;:[]},&quot;gap_mobile&quot;:{&quot;unit&quot;:&quot;px&quot;,&quot;size&quot;:10,&quot;sizes&quot;:[]},&quot;link_to&quot;:&quot;file&quot;,&quot;aspect_ratio&quot;:&quot;3:2&quot;,&quot;overlay_background&quot;:&quot;yes&quot;,&quot;content_hover_animation&quot;:&quot;fade-in&quot;}\" data-widget_type=\"gallery.default\">\n\t\t\t\t<div class=\"elementor-widget-container\">\n\t\t\t\t\t\t\t<div class=\"elementor-gallery__container\">\n\t\t\t\t\t\t\t<a class=\"e-gallery-item elementor-gallery-item elementor-animated-content\" href=\"https:\/\/parqueecologicogouveia.pt\/wp-content\/uploads\/2023\/09\/p41.jpg\" data-elementor-open-lightbox=\"yes\" data-elementor-lightbox-slideshow=\"33edc61\" data-elementor-lightbox-title=\"p41\" data-e-action-hash=\"#elementor-action%3Aaction%3Dlightbox%26settings%3DeyJpZCI6NDM3LCJ1cmwiOiJodHRwczpcL1wvcGFycXVlZWNvbG9naWNvZ291dmVpYS5wdFwvd3AtY29udGVudFwvdXBsb2Fkc1wvMjAyM1wvMDlcL3A0MS5qcGciLCJzbGlkZXNob3ciOiIzM2VkYzYxIn0%3D\">\n\t\t\t\t\t<div class=\"e-gallery-image elementor-gallery-item__image\" data-thumbnail=\"https:\/\/parqueecologicogouveia.pt\/wp-content\/uploads\/2023\/09\/p41.jpg\" data-width=\"300\" data-height=\"200\" aria-label=\"\" role=\"img\" ><\/div>\n\t\t\t\t\t\t\t\t\t\t\t<div class=\"elementor-gallery-item__overlay\"><\/div>\n\t\t\t\t\t\t\t\t\t\t\t\t\t\t<\/a>\n\t\t\t\t\t\t\t<a class=\"e-gallery-item elementor-gallery-item elementor-animated-content\" href=\"https:\/\/parqueecologicogouveia.pt\/wp-content\/uploads\/2023\/09\/p6.jpg\" data-elementor-open-lightbox=\"yes\" data-elementor-lightbox-slideshow=\"33edc61\" data-elementor-lightbox-title=\"p6\" data-e-action-hash=\"#elementor-action%3Aaction%3Dlightbox%26settings%3DeyJpZCI6NDM0LCJ1cmwiOiJodHRwczpcL1wvcGFycXVlZWNvbG9naWNvZ291dmVpYS5wdFwvd3AtY29udGVudFwvdXBsb2Fkc1wvMjAyM1wvMDlcL3A2LmpwZyIsInNsaWRlc2hvdyI6IjMzZWRjNjEifQ%3D%3D\">\n\t\t\t\t\t<div class=\"e-gallery-image elementor-gallery-item__image\" data-thumbnail=\"https:\/\/parqueecologicogouveia.pt\/wp-content\/uploads\/2023\/09\/p6.jpg\" data-width=\"300\" data-height=\"201\" aria-label=\"\" role=\"img\" ><\/div>\n\t\t\t\t\t\t\t\t\t\t\t<div class=\"elementor-gallery-item__overlay\"><\/div>\n\t\t\t\t\t\t\t\t\t\t\t\t\t\t<\/a>\n\t\t\t\t\t\t\t<a class=\"e-gallery-item elementor-gallery-item elementor-animated-content\" href=\"https:\/\/parqueecologicogouveia.pt\/wp-content\/uploads\/2024\/12\/3D2A2313-scaled.jpg\" data-elementor-open-lightbox=\"yes\" data-elementor-lightbox-slideshow=\"33edc61\" data-elementor-lightbox-title=\"3D2A2313\" data-e-action-hash=\"#elementor-action%3Aaction%3Dlightbox%26settings%3DeyJpZCI6MzEwMSwidXJsIjoiaHR0cHM6XC9cL3BhcnF1ZWVjb2xvZ2ljb2dvdXZlaWEucHRcL3dwLWNvbnRlbnRcL3VwbG9hZHNcLzIwMjRcLzEyXC8zRDJBMjMxMy1zY2FsZWQuanBnIiwic2xpZGVzaG93IjoiMzNlZGM2MSJ9\">\n\t\t\t\t\t<div class=\"e-gallery-image elementor-gallery-item__image\" data-thumbnail=\"https:\/\/parqueecologicogouveia.pt\/wp-content\/uploads\/2024\/12\/3D2A2313-300x200.jpg\" data-width=\"300\" data-height=\"200\" aria-label=\"\" role=\"img\" ><\/div>\n\t\t\t\t\t\t\t\t\t\t\t<div class=\"elementor-gallery-item__overlay\"><\/div>\n\t\t\t\t\t\t\t\t\t\t\t\t\t\t<\/a>\n\t\t\t\t\t\t\t<a class=\"e-gallery-item elementor-gallery-item elementor-animated-content\" href=\"https:\/\/parqueecologicogouveia.pt\/wp-content\/uploads\/2024\/12\/3D2A2312-scaled.jpg\" data-elementor-open-lightbox=\"yes\" data-elementor-lightbox-slideshow=\"33edc61\" data-elementor-lightbox-title=\"3D2A2312\" data-e-action-hash=\"#elementor-action%3Aaction%3Dlightbox%26settings%3DeyJpZCI6MzEwMCwidXJsIjoiaHR0cHM6XC9cL3BhcnF1ZWVjb2xvZ2ljb2dvdXZlaWEucHRcL3dwLWNvbnRlbnRcL3VwbG9hZHNcLzIwMjRcLzEyXC8zRDJBMjMxMi1zY2FsZWQuanBnIiwic2xpZGVzaG93IjoiMzNlZGM2MSJ9\">\n\t\t\t\t\t<div class=\"e-gallery-image elementor-gallery-item__image\" data-thumbnail=\"https:\/\/parqueecologicogouveia.pt\/wp-content\/uploads\/2024\/12\/3D2A2312-300x200.jpg\" data-width=\"300\" data-height=\"200\" aria-label=\"\" role=\"img\" ><\/div>\n\t\t\t\t\t\t\t\t\t\t\t<div class=\"elementor-gallery-item__overlay\"><\/div>\n\t\t\t\t\t\t\t\t\t\t\t\t\t\t<\/a>\n\t\t\t\t\t<\/div>\n\t\t\t\t\t<\/div>\n\t\t\t\t<\/div>\n\t\t<div class=\"elementor-element elementor-element-b5e12ec e-grid e-con-boxed e-con e-child\" data-id=\"b5e12ec\" data-element_type=\"container\" data-e-type=\"container\">\n\t\t\t\t\t<div class=\"e-con-inner\">\n\t\t<div class=\"elementor-element elementor-element-7e49bc5 elementor-hidden-mobile e-flex e-con-boxed e-con e-child\" data-id=\"7e49bc5\" data-element_type=\"container\" data-e-type=\"container\">\n\t\t\t\t\t<div class=\"e-con-inner\">\n\t\t\t\t\t<\/div>\n\t\t\t\t<\/div>\n\t\t<div class=\"elementor-element elementor-element-0bbb198 e-flex e-con-boxed e-con e-child\" data-id=\"0bbb198\" data-element_type=\"container\" data-e-type=\"container\">\n\t\t\t\t\t<div class=\"e-con-inner\">\n\t\t\t\t<div class=\"elementor-element elementor-element-c78ec48 elementor-align-right elementor-widget elementor-widget-button\" data-id=\"c78ec48\" data-element_type=\"widget\" data-e-type=\"widget\" data-widget_type=\"button.default\">\n\t\t\t\t<div class=\"elementor-widget-container\">\n\t\t\t\t\t\t\t\t\t<div class=\"elementor-button-wrapper\">\n\t\t\t\t\t<a class=\"elementor-button elementor-button-link elementor-size-sm\" href=\"?page_id=586\">\n\t\t\t\t\t\t<span class=\"elementor-button-content-wrapper\">\n\t\t\t\t\t\t\t\t\t<span class=\"elementor-button-text\">Voltar para animais<\/span>\n\t\t\t\t\t<\/span>\n\t\t\t\t\t<\/a>\n\t\t\t\t<\/div>\n\t\t\t\t\t\t\t\t<\/div>\n\t\t\t\t<\/div>\n\t\t\t\t\t<\/div>\n\t\t\t\t<\/div>\n\t\t<div class=\"elementor-element elementor-element-5141fc4 elementor-hidden-mobile e-flex e-con-boxed e-con e-child\" data-id=\"5141fc4\" data-element_type=\"container\" data-e-type=\"container\">\n\t\t\t\t\t<div class=\"e-con-inner\">\n\t\t\t\t\t<\/div>\n\t\t\t\t<\/div>\n\t\t<div class=\"elementor-element elementor-element-19cdd28 elementor-hidden-mobile e-flex e-con-boxed e-con e-child\" data-id=\"19cdd28\" data-element_type=\"container\" data-e-type=\"container\">\n\t\t\t\t\t<div class=\"e-con-inner\">\n\t\t\t\t\t<\/div>\n\t\t\t\t<\/div>\n\t\t<div class=\"elementor-element elementor-element-ce984b7 e-flex e-con-boxed e-con e-child\" data-id=\"ce984b7\" data-element_type=\"container\" data-e-type=\"container\">\n\t\t\t\t\t<div class=\"e-con-inner\">\n\t\t\t\t<div class=\"elementor-element elementor-element-c5639ac elementor-align-left elementor-mobile-align-right elementor-widget elementor-widget-button\" data-id=\"c5639ac\" data-element_type=\"widget\" data-e-type=\"widget\" data-widget_type=\"button.default\">\n\t\t\t\t<div class=\"elementor-widget-container\">\n\t\t\t\t\t\t\t\t\t<div class=\"elementor-button-wrapper\">\n\t\t\t\t\t<a class=\"elementor-button elementor-button-link elementor-size-sm\" href=\"?page_id=974\">\n\t\t\t\t\t\t<span class=\"elementor-button-content-wrapper\">\n\t\t\t\t\t\t\t\t\t<span class=\"elementor-button-text\">Pr\u00f3ximo<\/span>\n\t\t\t\t\t<\/span>\n\t\t\t\t\t<\/a>\n\t\t\t\t<\/div>\n\t\t\t\t\t\t\t\t<\/div>\n\t\t\t\t<\/div>\n\t\t\t\t\t<\/div>\n\t\t\t\t<\/div>\n\t\t\t\t\t<\/div>\n\t\t\t\t<\/div>\n\t\t\t\t<\/div>\n\t\t\t\t<div class=\"elementor-element elementor-element-a40dce7 elementor-widget elementor-widget-image\" data-id=\"a40dce7\" data-element_type=\"widget\" data-e-type=\"widget\" data-widget_type=\"image.default\">\n\t\t\t\t<div class=\"elementor-widget-container\">\n\t\t\t\t\t\t\t\t\t\t\t\t\t\t\t<img decoding=\"async\" data-src=\"https:\/\/parqueecologicogouveia.pt\/wp-content\/uploads\/2023\/05\/Contemplar.png\" title=\"Contemplar\" alt=\"Contemplar\" src=\"data:image\/svg+xml;base64,PHN2ZyB3aWR0aD0iMSIgaGVpZ2h0PSIxIiB4bWxucz0iaHR0cDovL3d3dy53My5vcmcvMjAwMC9zdmciPjwvc3ZnPg==\" class=\"lazyload\" style=\"--smush-placeholder-width: 591px; --smush-placeholder-aspect-ratio: 591\/591;\" \/>\t\t\t\t\t\t\t\t\t\t\t\t\t\t\t<\/div>\n\t\t\t\t<\/div>\n\t\t\t\t\t<\/div>\n\t\t\t\t<\/div>\n\t\t\t\t\t<\/div>\n\t\t\t\t<\/div>\n\t\t<div class=\"elementor-element elementor-element-6dc1ba9 e-flex e-con-boxed e-con e-parent\" data-id=\"6dc1ba9\" data-element_type=\"container\" data-e-type=\"container\">\n\t\t\t\t\t<div class=\"e-con-inner\">\n\t\t\t\t\t<\/div>\n\t\t\t\t<\/div>\n\t\t<div class=\"elementor-element elementor-element-190dcab e-flex e-con-boxed e-con e-parent\" data-id=\"190dcab\" data-element_type=\"container\" data-e-type=\"container\">\n\t\t\t\t\t<div class=\"e-con-inner\">\n\t\t\t\t\t<\/div>\n\t\t\t\t<\/div>\n\t\t<div class=\"elementor-element elementor-element-8b0668c e-flex e-con-boxed e-con e-parent\" data-id=\"8b0668c\" data-element_type=\"container\" data-e-type=\"container\">\n\t\t\t\t\t<div class=\"e-con-inner\">\n\t\t\t\t\t<\/div>\n\t\t\t\t<\/div>\n\t\t\t\t<\/div>\n\t\t","protected":false},"excerpt":{"rendered":"<p>C\u00c3O-SERRA-DA-ESTRELA Canis lupus familiaris Onde se podem ver? \u00a0O C\u00e3o da Serra da Estrela pode ser encontrado em v\u00e1rios locais de Portugal, mas \u00e9 origin\u00e1rio da Serra da Estrela. como s\u00e3o? O C\u00e3o da Serra da Estrela \u00e9 um c\u00e3o de grande porte, de linhas r\u00fasticas e aspeto poderoso. Mede entre 62 a 72 cm [&hellip;]<\/p>\n","protected":false},"author":1,"featured_media":0,"parent":0,"menu_order":0,"comment_status":"closed","ping_status":"closed","template":"elementor_canvas","meta":{"_acf_changed":false,"footnotes":""},"class_list":["post-966","page","type-page","status-publish","hentry"],"acf":[],"_links":{"self":[{"href":"https:\/\/parqueecologicogouveia.pt\/index.php?rest_route=\/wp\/v2\/pages\/966","targetHints":{"allow":["GET"]}}],"collection":[{"href":"https:\/\/parqueecologicogouveia.pt\/index.php?rest_route=\/wp\/v2\/pages"}],"about":[{"href":"https:\/\/parqueecologicogouveia.pt\/index.php?rest_route=\/wp\/v2\/types\/page"}],"author":[{"embeddable":true,"href":"https:\/\/parqueecologicogouveia.pt\/index.php?rest_route=\/wp\/v2\/users\/1"}],"replies":[{"embeddable":true,"href":"https:\/\/parqueecologicogouveia.pt\/index.php?rest_route=%2Fwp%2Fv2%2Fcomments&post=966"}],"version-history":[{"count":46,"href":"https:\/\/parqueecologicogouveia.pt\/index.php?rest_route=\/wp\/v2\/pages\/966\/revisions"}],"predecessor-version":[{"id":3289,"href":"https:\/\/parqueecologicogouveia.pt\/index.php?rest_route=\/wp\/v2\/pages\/966\/revisions\/3289"}],"wp:attachment":[{"href":"https:\/\/parqueecologicogouveia.pt\/index.php?rest_route=%2Fwp%2Fv2%2Fmedia&parent=966"}],"curies":[{"name":"wp","href":"https:\/\/api.w.org\/{rel}","templated":true}]}}