{"id":2500,"date":"2024-11-20T10:51:14","date_gmt":"2024-11-20T10:51:14","guid":{"rendered":"https:\/\/parqueecologicogouveia.pt\/?page_id=2500"},"modified":"2024-12-09T12:08:55","modified_gmt":"2024-12-09T12:08:55","slug":"pavao-2","status":"publish","type":"page","link":"https:\/\/parqueecologicogouveia.pt\/?page_id=2500","title":{"rendered":"\u00c1guia-de-asa-redonda"},"content":{"rendered":"\t\t<div data-elementor-type=\"wp-page\" data-elementor-id=\"2500\" class=\"elementor elementor-2500\" data-elementor-post-type=\"page\">\n\t\t\t\t<div class=\"elementor-element elementor-element-f35edfa e-flex e-con-boxed e-con e-parent\" data-id=\"f35edfa\" data-element_type=\"container\" data-e-type=\"container\" data-settings=\"{&quot;background_background&quot;:&quot;classic&quot;}\">\n\t\t\t\t\t<div class=\"e-con-inner\">\n\t\t<div class=\"elementor-element elementor-element-2dbb099 e-grid e-con-boxed e-con e-child\" data-id=\"2dbb099\" data-element_type=\"container\" data-e-type=\"container\">\n\t\t\t\t\t<div class=\"e-con-inner\">\n\t\t\t\t<div class=\"elementor-element elementor-element-ca6909f elementor-widget elementor-widget-heading\" data-id=\"ca6909f\" data-element_type=\"widget\" data-e-type=\"widget\" data-widget_type=\"heading.default\">\n\t\t\t\t<div class=\"elementor-widget-container\">\n\t\t\t\t\t<h2 class=\"elementor-heading-title elementor-size-default\">\u00c1GUIA-DE-ASA-REDONDA<span style=\"color: #b5b3b0\"><i>\nCOMMON BUZZARD<\/h2>\t\t\t\t<\/div>\n\t\t\t\t<\/div>\n\t\t\t\t<div class=\"elementor-element elementor-element-9582c01 elementor-widget elementor-widget-heading\" data-id=\"9582c01\" data-element_type=\"widget\" data-e-type=\"widget\" data-widget_type=\"heading.default\">\n\t\t\t\t<div class=\"elementor-widget-container\">\n\t\t\t\t\t<h2 class=\"elementor-heading-title elementor-size-default\">Buteo buteo<\/h2>\t\t\t\t<\/div>\n\t\t\t\t<\/div>\n\t\t\t\t<div class=\"elementor-element elementor-element-cdc36c1 elementor-widget elementor-widget-image\" data-id=\"cdc36c1\" data-element_type=\"widget\" data-e-type=\"widget\" data-widget_type=\"image.default\">\n\t\t\t\t<div class=\"elementor-widget-container\">\n\t\t\t\t\t\t\t\t\t\t\t\t\t\t\t<img decoding=\"async\" width=\"100\" height=\"103\" data-src=\"https:\/\/parqueecologicogouveia.pt\/wp-content\/uploads\/2023\/09\/logo-white.png\" class=\"attachment-thumbnail size-thumbnail wp-image-799 lazyload\" alt=\"\" src=\"data:image\/svg+xml;base64,PHN2ZyB3aWR0aD0iMSIgaGVpZ2h0PSIxIiB4bWxucz0iaHR0cDovL3d3dy53My5vcmcvMjAwMC9zdmciPjwvc3ZnPg==\" style=\"--smush-placeholder-width: 100px; --smush-placeholder-aspect-ratio: 100\/103;\" \/>\t\t\t\t\t\t\t\t\t\t\t\t\t\t\t<\/div>\n\t\t\t\t<\/div>\n\t\t\t\t\t<\/div>\n\t\t\t\t<\/div>\n\t\t<div class=\"elementor-element elementor-element-74df6dc e-flex e-con-boxed e-con e-child\" data-id=\"74df6dc\" data-element_type=\"container\" data-e-type=\"container\" data-settings=\"{&quot;background_background&quot;:&quot;classic&quot;}\">\n\t\t\t\t\t<div class=\"e-con-inner\">\n\t\t<div class=\"elementor-element elementor-element-cdae3c7 e-grid e-con-full e-con e-child\" data-id=\"cdae3c7\" data-element_type=\"container\" data-e-type=\"container\">\n\t\t\t\t<div class=\"elementor-element elementor-element-5535859 elementor-widget elementor-widget-image\" data-id=\"5535859\" data-element_type=\"widget\" data-e-type=\"widget\" data-widget_type=\"image.default\">\n\t\t\t\t<div class=\"elementor-widget-container\">\n\t\t\t\t\t\t\t\t\t\t\t\t\t\t\t<img decoding=\"async\" data-src=\"https:\/\/parqueecologicogouveia.pt\/wp-content\/uploads\/2024\/04\/como_sao_aves.png\" title=\"como_sao_aves\" alt=\"como_sao_aves\" src=\"data:image\/svg+xml;base64,PHN2ZyB3aWR0aD0iMSIgaGVpZ2h0PSIxIiB4bWxucz0iaHR0cDovL3d3dy53My5vcmcvMjAwMC9zdmciPjwvc3ZnPg==\" class=\"lazyload\" style=\"--smush-placeholder-width: 151px; --smush-placeholder-aspect-ratio: 151\/118;\" \/>\t\t\t\t\t\t\t\t\t\t\t\t\t\t\t<\/div>\n\t\t\t\t<\/div>\n\t\t\t\t<div class=\"elementor-element elementor-element-478271e elementor-absolute elementor-widget elementor-widget-image\" data-id=\"478271e\" data-element_type=\"widget\" data-e-type=\"widget\" data-settings=\"{&quot;_position&quot;:&quot;absolute&quot;}\" data-widget_type=\"image.default\">\n\t\t\t\t<div class=\"elementor-widget-container\">\n\t\t\t\t\t\t\t\t\t\t\t\t\t\t\t<img decoding=\"async\" data-src=\"https:\/\/parqueecologicogouveia.pt\/wp-content\/uploads\/2024\/04\/que_comem_aves.png\" title=\"que_comem_aves\" alt=\"que_comem_aves\" src=\"data:image\/svg+xml;base64,PHN2ZyB3aWR0aD0iMSIgaGVpZ2h0PSIxIiB4bWxucz0iaHR0cDovL3d3dy53My5vcmcvMjAwMC9zdmciPjwvc3ZnPg==\" class=\"lazyload\" style=\"--smush-placeholder-width: 151px; --smush-placeholder-aspect-ratio: 151\/118;\" \/>\t\t\t\t\t\t\t\t\t\t\t\t\t\t\t<\/div>\n\t\t\t\t<\/div>\n\t\t\t\t<div class=\"elementor-element elementor-element-f36a15a elementor-absolute elementor-widget elementor-widget-image\" data-id=\"f36a15a\" data-element_type=\"widget\" data-e-type=\"widget\" data-settings=\"{&quot;_position&quot;:&quot;absolute&quot;}\" data-widget_type=\"image.default\">\n\t\t\t\t<div class=\"elementor-widget-container\">\n\t\t\t\t\t\t\t\t\t\t\t\t\t\t\t<img decoding=\"async\" data-src=\"https:\/\/parqueecologicogouveia.pt\/wp-content\/uploads\/2024\/04\/nota_aves-1.png\" title=\"nota_aves\" alt=\"nota_aves\" src=\"data:image\/svg+xml;base64,PHN2ZyB3aWR0aD0iMSIgaGVpZ2h0PSIxIiB4bWxucz0iaHR0cDovL3d3dy53My5vcmcvMjAwMC9zdmciPjwvc3ZnPg==\" class=\"lazyload\" style=\"--smush-placeholder-width: 150px; --smush-placeholder-aspect-ratio: 150\/118;\" \/>\t\t\t\t\t\t\t\t\t\t\t\t\t\t\t<\/div>\n\t\t\t\t<\/div>\n\t\t<div class=\"elementor-element elementor-element-49b751a e-con-full e-flex e-con e-child\" data-id=\"49b751a\" data-element_type=\"container\" data-e-type=\"container\">\n\t\t<div class=\"elementor-element elementor-element-93d45d3 e-con-full e-flex e-con e-child\" data-id=\"93d45d3\" data-element_type=\"container\" data-e-type=\"container\">\n\t\t\t\t<div class=\"elementor-element elementor-element-6631e3a elementor-widget elementor-widget-heading\" data-id=\"6631e3a\" data-element_type=\"widget\" data-e-type=\"widget\" data-widget_type=\"heading.default\">\n\t\t\t\t<div class=\"elementor-widget-container\">\n\t\t\t\t\t<h2 class=\"elementor-heading-title elementor-size-default\">Como s\u00e3o? | <span style=\"color: #b5b3b0\"><i>hOW ARE THEY?<\/h2>\t\t\t\t<\/div>\n\t\t\t\t<\/div>\n\t\t\t\t<div class=\"elementor-element elementor-element-ca63715 elementor-widget elementor-widget-text-editor\" data-id=\"ca63715\" data-element_type=\"widget\" data-e-type=\"widget\" data-widget_type=\"text-editor.default\">\n\t\t\t\t<div class=\"elementor-widget-container\">\n\t\t\t\t\t\t\t\t\t<p>A \u00e1guia-de-asa-redonda, tamb\u00e9m conhecida por b\u00fatio-comum, \u00e9 a ave de rapina mais comum em Portugal. \u00c9 uma esp\u00e9cie territorial e que apresente h\u00e1bitos diurnos.\u00a0\u00c9 uma esp\u00e9cie monog\u00e2mica que nidifica apenas uma vez por ano, dando origem a duas ou tr\u00eas crias, que s\u00e3o alimentadas por ambos os progenitores at\u00e9 terem cerca de 3 meses.<\/p><p><em><span style=\"color: #b5b3b0;\">The common buzzard is the most common bird of prey in Portugal. It is a territorial species and has diurnal habits. It is a monogamous species that nests only once a year, giving rise to two or three youngs, which are fed by both parents until they are around 3 months old.<\/span><\/em><\/p>\t\t\t\t\t\t\t\t<\/div>\n\t\t\t\t<\/div>\n\t\t\t\t<\/div>\n\t\t<div class=\"elementor-element elementor-element-bb278fc e-con-full e-flex e-con e-child\" data-id=\"bb278fc\" data-element_type=\"container\" data-e-type=\"container\">\n\t\t\t\t<div class=\"elementor-element elementor-element-6e3de50 elementor-widget elementor-widget-heading\" data-id=\"6e3de50\" data-element_type=\"widget\" data-e-type=\"widget\" data-widget_type=\"heading.default\">\n\t\t\t\t<div class=\"elementor-widget-container\">\n\t\t\t\t\t<h2 class=\"elementor-heading-title elementor-size-default\">O que Comem? |<span style=\"color: #b5b3b0\"><i> wHAT DO THEY EAT?<\/h2>\t\t\t\t<\/div>\n\t\t\t\t<\/div>\n\t\t\t\t<div class=\"elementor-element elementor-element-3502b27 elementor-widget elementor-widget-text-editor\" data-id=\"3502b27\" data-element_type=\"widget\" data-e-type=\"widget\" data-widget_type=\"text-editor.default\">\n\t\t\t\t<div class=\"elementor-widget-container\">\n\t\t\t\t\t\t\t\t\t<p>Esta esp\u00e9cie alimenta-se essencialmente de pequenos mam\u00edferos e de carca\u00e7as de animais, podendo tamb\u00e9m alimentar-se de pequenas aves, r\u00e9pteis, anf\u00edbios, minhocas e alguns insetos.<\/p><p><span style=\"color: #b5b3b0;\"><em>This species feeds essentially on small mammals and animal carcasses, and can also feed on small birds, reptiles, amphibians, earthworms and some insects.<\/em><\/span><\/p>\t\t\t\t\t\t\t\t<\/div>\n\t\t\t\t<\/div>\n\t\t\t\t<\/div>\n\t\t\t\t<div class=\"elementor-element elementor-element-d4075bd elementor-widget elementor-widget-heading\" data-id=\"d4075bd\" data-element_type=\"widget\" data-e-type=\"widget\" data-widget_type=\"heading.default\">\n\t\t\t\t<div class=\"elementor-widget-container\">\n\t\t\t\t\t<h2 class=\"elementor-heading-title elementor-size-default\">NOTA | <span style=\"color: #b5b3b0\"><i> nOTE<\/h2>\t\t\t\t<\/div>\n\t\t\t\t<\/div>\n\t\t\t\t<div class=\"elementor-element elementor-element-31336cc elementor-widget elementor-widget-text-editor\" data-id=\"31336cc\" data-element_type=\"widget\" data-e-type=\"widget\" data-widget_type=\"text-editor.default\">\n\t\t\t\t<div class=\"elementor-widget-container\">\n\t\t\t\t\t\t\t\t\t<p>Esta ave foi considerada irrecuper\u00e1vel para viver na Natureza, devido a fatores relacionados com a atividade humana. Foram entregues pelo CERVAS ao Parque Ecol\u00f3gico de Gouveia para viverem at\u00e9 ao final da sua vida sem necessidade de ca\u00e7ar ou de se protegerem de predadores, servindo para a educa\u00e7\u00e3o e consciencializa\u00e7\u00e3o ambiental.<\/p><p><em><span style=\"color: #b5b3b0;\">This bird was considered unfit to live in the wild, due to factors related to human activity. They were delivered by CERVAS to the Gouveia Ecological Park to live until the end of their lives without the need to hunt or protect themselves from predators, serving for education and environmental awareness.<\/span><\/em><\/p>\t\t\t\t\t\t\t\t<\/div>\n\t\t\t\t<\/div>\n\t\t\t\t<\/div>\n\t\t\t\t<\/div>\n\t\t<div class=\"elementor-element elementor-element-2bc68f6 e-flex e-con-boxed e-con e-child\" data-id=\"2bc68f6\" data-element_type=\"container\" data-e-type=\"container\">\n\t\t\t\t\t<div class=\"e-con-inner\">\n\t\t\t\t<div class=\"elementor-element elementor-element-33edc61 elementor-widget elementor-widget-gallery\" data-id=\"33edc61\" data-element_type=\"widget\" data-e-type=\"widget\" data-settings=\"{&quot;lazyload&quot;:&quot;yes&quot;,&quot;gallery_layout&quot;:&quot;grid&quot;,&quot;columns&quot;:4,&quot;columns_tablet&quot;:2,&quot;columns_mobile&quot;:1,&quot;gap&quot;:{&quot;unit&quot;:&quot;px&quot;,&quot;size&quot;:10,&quot;sizes&quot;:[]},&quot;gap_tablet&quot;:{&quot;unit&quot;:&quot;px&quot;,&quot;size&quot;:10,&quot;sizes&quot;:[]},&quot;gap_mobile&quot;:{&quot;unit&quot;:&quot;px&quot;,&quot;size&quot;:10,&quot;sizes&quot;:[]},&quot;link_to&quot;:&quot;file&quot;,&quot;aspect_ratio&quot;:&quot;3:2&quot;,&quot;overlay_background&quot;:&quot;yes&quot;,&quot;content_hover_animation&quot;:&quot;fade-in&quot;}\" data-widget_type=\"gallery.default\">\n\t\t\t\t<div class=\"elementor-widget-container\">\n\t\t\t\t\t\t\t<div class=\"elementor-gallery__container\">\n\t\t\t\t\t\t\t<a class=\"e-gallery-item elementor-gallery-item elementor-animated-content\" href=\"https:\/\/parqueecologicogouveia.pt\/wp-content\/uploads\/2024\/12\/3D2A2166-scaled.jpg\" data-elementor-open-lightbox=\"yes\" data-elementor-lightbox-slideshow=\"33edc61\" data-elementor-lightbox-title=\"3D2A2166\" data-e-action-hash=\"#elementor-action%3Aaction%3Dlightbox%26settings%3DeyJpZCI6MzA1MiwidXJsIjoiaHR0cHM6XC9cL3BhcnF1ZWVjb2xvZ2ljb2dvdXZlaWEucHRcL3dwLWNvbnRlbnRcL3VwbG9hZHNcLzIwMjRcLzEyXC8zRDJBMjE2Ni1zY2FsZWQuanBnIiwic2xpZGVzaG93IjoiMzNlZGM2MSJ9\">\n\t\t\t\t\t<div class=\"e-gallery-image elementor-gallery-item__image\" data-thumbnail=\"https:\/\/parqueecologicogouveia.pt\/wp-content\/uploads\/2024\/12\/3D2A2166-300x200.jpg\" data-width=\"300\" data-height=\"200\" aria-label=\"\" role=\"img\" ><\/div>\n\t\t\t\t\t\t\t\t\t\t\t<div class=\"elementor-gallery-item__overlay\"><\/div>\n\t\t\t\t\t\t\t\t\t\t\t\t\t\t<\/a>\n\t\t\t\t\t\t\t<a class=\"e-gallery-item elementor-gallery-item elementor-animated-content\" href=\"https:\/\/parqueecologicogouveia.pt\/wp-content\/uploads\/2024\/12\/3D2A2165-scaled.jpg\" data-elementor-open-lightbox=\"yes\" data-elementor-lightbox-slideshow=\"33edc61\" data-elementor-lightbox-title=\"3D2A2165\" data-e-action-hash=\"#elementor-action%3Aaction%3Dlightbox%26settings%3DeyJpZCI6MzA1MSwidXJsIjoiaHR0cHM6XC9cL3BhcnF1ZWVjb2xvZ2ljb2dvdXZlaWEucHRcL3dwLWNvbnRlbnRcL3VwbG9hZHNcLzIwMjRcLzEyXC8zRDJBMjE2NS1zY2FsZWQuanBnIiwic2xpZGVzaG93IjoiMzNlZGM2MSJ9\">\n\t\t\t\t\t<div class=\"e-gallery-image elementor-gallery-item__image\" data-thumbnail=\"https:\/\/parqueecologicogouveia.pt\/wp-content\/uploads\/2024\/12\/3D2A2165-300x200.jpg\" data-width=\"300\" data-height=\"200\" aria-label=\"\" role=\"img\" ><\/div>\n\t\t\t\t\t\t\t\t\t\t\t<div class=\"elementor-gallery-item__overlay\"><\/div>\n\t\t\t\t\t\t\t\t\t\t\t\t\t\t<\/a>\n\t\t\t\t\t<\/div>\n\t\t\t\t\t<\/div>\n\t\t\t\t<\/div>\n\t\t<div class=\"elementor-element elementor-element-33cb7e3 e-grid e-con-boxed e-con e-child\" data-id=\"33cb7e3\" data-element_type=\"container\" data-e-type=\"container\">\n\t\t\t\t\t<div class=\"e-con-inner\">\n\t\t<div class=\"elementor-element elementor-element-c3bdc1a elementor-hidden-mobile e-flex e-con-boxed e-con e-child\" data-id=\"c3bdc1a\" data-element_type=\"container\" data-e-type=\"container\">\n\t\t\t\t\t<div class=\"e-con-inner\">\n\t\t\t\t\t<\/div>\n\t\t\t\t<\/div>\n\t\t<div class=\"elementor-element elementor-element-64b3572 e-flex e-con-boxed e-con e-child\" data-id=\"64b3572\" data-element_type=\"container\" data-e-type=\"container\">\n\t\t\t\t\t<div class=\"e-con-inner\">\n\t\t\t\t<div class=\"elementor-element elementor-element-8d5e705 elementor-align-right elementor-widget elementor-widget-button\" data-id=\"8d5e705\" data-element_type=\"widget\" data-e-type=\"widget\" data-widget_type=\"button.default\">\n\t\t\t\t<div class=\"elementor-widget-container\">\n\t\t\t\t\t\t\t\t\t<div class=\"elementor-button-wrapper\">\n\t\t\t\t\t<a class=\"elementor-button elementor-button-link elementor-size-sm\" href=\"?page_id=586\">\n\t\t\t\t\t\t<span class=\"elementor-button-content-wrapper\">\n\t\t\t\t\t\t\t\t\t<span class=\"elementor-button-text\">Voltar para animais<\/span>\n\t\t\t\t\t<\/span>\n\t\t\t\t\t<\/a>\n\t\t\t\t<\/div>\n\t\t\t\t\t\t\t\t<\/div>\n\t\t\t\t<\/div>\n\t\t\t\t\t<\/div>\n\t\t\t\t<\/div>\n\t\t<div class=\"elementor-element elementor-element-dc28126 elementor-hidden-mobile e-flex e-con-boxed e-con e-child\" data-id=\"dc28126\" data-element_type=\"container\" data-e-type=\"container\">\n\t\t\t\t\t<div class=\"e-con-inner\">\n\t\t\t\t\t<\/div>\n\t\t\t\t<\/div>\n\t\t<div class=\"elementor-element elementor-element-0bed90b elementor-hidden-mobile e-flex e-con-boxed e-con e-child\" data-id=\"0bed90b\" data-element_type=\"container\" data-e-type=\"container\">\n\t\t\t\t\t<div class=\"e-con-inner\">\n\t\t\t\t\t<\/div>\n\t\t\t\t<\/div>\n\t\t<div class=\"elementor-element elementor-element-87156ff e-flex e-con-boxed e-con e-child\" data-id=\"87156ff\" data-element_type=\"container\" data-e-type=\"container\">\n\t\t\t\t\t<div class=\"e-con-inner\">\n\t\t\t\t<div class=\"elementor-element elementor-element-e4283e2 elementor-align-left elementor-mobile-align-right elementor-widget elementor-widget-button\" data-id=\"e4283e2\" data-element_type=\"widget\" data-e-type=\"widget\" data-widget_type=\"button.default\">\n\t\t\t\t<div class=\"elementor-widget-container\">\n\t\t\t\t\t\t\t\t\t<div class=\"elementor-button-wrapper\">\n\t\t\t\t\t<a class=\"elementor-button elementor-button-link elementor-size-sm\" href=\"?page_id=908\">\n\t\t\t\t\t\t<span class=\"elementor-button-content-wrapper\">\n\t\t\t\t\t\t\t\t\t<span class=\"elementor-button-text\">Pr\u00f3ximo<\/span>\n\t\t\t\t\t<\/span>\n\t\t\t\t\t<\/a>\n\t\t\t\t<\/div>\n\t\t\t\t\t\t\t\t<\/div>\n\t\t\t\t<\/div>\n\t\t\t\t\t<\/div>\n\t\t\t\t<\/div>\n\t\t\t\t\t<\/div>\n\t\t\t\t<\/div>\n\t\t\t\t\t<\/div>\n\t\t\t\t<\/div>\n\t\t\t\t\t<\/div>\n\t\t\t\t<\/div>\n\t\t<div class=\"elementor-element elementor-element-d7ba639 e-flex e-con-boxed e-con e-child\" data-id=\"d7ba639\" data-element_type=\"container\" data-e-type=\"container\">\n\t\t\t\t\t<div class=\"e-con-inner\">\n\t\t\t\t<div class=\"elementor-element elementor-element-ee68d65 elementor-widget elementor-widget-image\" data-id=\"ee68d65\" data-element_type=\"widget\" data-e-type=\"widget\" data-widget_type=\"image.default\">\n\t\t\t\t<div class=\"elementor-widget-container\">\n\t\t\t\t\t\t\t\t\t\t\t\t\t\t\t<img decoding=\"async\" data-src=\"https:\/\/parqueecologicogouveia.pt\/wp-content\/uploads\/2023\/05\/Contemplar.png\" title=\"Contemplar\" alt=\"Contemplar\" src=\"data:image\/svg+xml;base64,PHN2ZyB3aWR0aD0iMSIgaGVpZ2h0PSIxIiB4bWxucz0iaHR0cDovL3d3dy53My5vcmcvMjAwMC9zdmciPjwvc3ZnPg==\" class=\"lazyload\" style=\"--smush-placeholder-width: 591px; --smush-placeholder-aspect-ratio: 591\/591;\" \/>\t\t\t\t\t\t\t\t\t\t\t\t\t\t\t<\/div>\n\t\t\t\t<\/div>\n\t\t\t\t\t<\/div>\n\t\t\t\t<\/div>\n\t\t\t\t\t<\/div>\n\t\t\t\t<\/div>\n\t\t\t\t<\/div>\n\t\t","protected":false},"excerpt":{"rendered":"<p>\u00c1GUIA-DE-ASA-REDONDA COMMON BUZZARD Buteo buteo Como s\u00e3o? | hOW ARE THEY? A \u00e1guia-de-asa-redonda, tamb\u00e9m conhecida por b\u00fatio-comum, \u00e9 a ave de rapina mais comum em Portugal. \u00c9 uma esp\u00e9cie territorial e que apresente h\u00e1bitos diurnos.\u00a0\u00c9 uma esp\u00e9cie monog\u00e2mica que nidifica apenas uma vez por ano, dando origem a duas ou tr\u00eas crias, que s\u00e3o alimentadas [&hellip;]<\/p>\n","protected":false},"author":2,"featured_media":0,"parent":0,"menu_order":0,"comment_status":"closed","ping_status":"closed","template":"elementor_canvas","meta":{"_acf_changed":false,"footnotes":""},"class_list":["post-2500","page","type-page","status-publish","hentry"],"acf":[],"_links":{"self":[{"href":"https:\/\/parqueecologicogouveia.pt\/index.php?rest_route=\/wp\/v2\/pages\/2500","targetHints":{"allow":["GET"]}}],"collection":[{"href":"https:\/\/parqueecologicogouveia.pt\/index.php?rest_route=\/wp\/v2\/pages"}],"about":[{"href":"https:\/\/parqueecologicogouveia.pt\/index.php?rest_route=\/wp\/v2\/types\/page"}],"author":[{"embeddable":true,"href":"https:\/\/parqueecologicogouveia.pt\/index.php?rest_route=\/wp\/v2\/users\/2"}],"replies":[{"embeddable":true,"href":"https:\/\/parqueecologicogouveia.pt\/index.php?rest_route=%2Fwp%2Fv2%2Fcomments&post=2500"}],"version-history":[{"count":36,"href":"https:\/\/parqueecologicogouveia.pt\/index.php?rest_route=\/wp\/v2\/pages\/2500\/revisions"}],"predecessor-version":[{"id":3268,"href":"https:\/\/parqueecologicogouveia.pt\/index.php?rest_route=\/wp\/v2\/pages\/2500\/revisions\/3268"}],"wp:attachment":[{"href":"https:\/\/parqueecologicogouveia.pt\/index.php?rest_route=%2Fwp%2Fv2%2Fmedia&parent=2500"}],"curies":[{"name":"wp","href":"https:\/\/api.w.org\/{rel}","templated":true}]}}