{"id":1349,"date":"2024-04-10T09:37:59","date_gmt":"2024-04-10T09:37:59","guid":{"rendered":"https:\/\/parqueecologicogouveia.pt\/parque\/\/?page_id=1349"},"modified":"2024-10-30T15:58:44","modified_gmt":"2024-10-30T15:58:44","slug":"precario-2-2-2","status":"publish","type":"page","link":"https:\/\/parqueecologicogouveia.pt\/?page_id=1349","title":{"rendered":"Visitas escolares"},"content":{"rendered":"\t\t<div data-elementor-type=\"wp-page\" data-elementor-id=\"1349\" class=\"elementor elementor-1349\" data-elementor-post-type=\"page\">\n\t\t\t\t<div class=\"elementor-element elementor-element-6a30b52 e-flex e-con-boxed e-con e-parent\" data-id=\"6a30b52\" data-element_type=\"container\" data-e-type=\"container\" data-settings=\"{&quot;background_background&quot;:&quot;classic&quot;}\">\n\t\t\t\t\t<div class=\"e-con-inner\">\n\t\t<div class=\"elementor-element elementor-element-98d498e e-grid e-con-boxed e-con e-child\" data-id=\"98d498e\" data-element_type=\"container\" data-e-type=\"container\">\n\t\t\t\t\t<div class=\"e-con-inner\">\n\t\t\t\t<div class=\"elementor-element elementor-element-005e766 elementor-widget elementor-widget-image\" data-id=\"005e766\" data-element_type=\"widget\" data-e-type=\"widget\" data-widget_type=\"image.default\">\n\t\t\t\t<div class=\"elementor-widget-container\">\n\t\t\t\t\t\t\t\t\t\t\t\t\t\t\t<img decoding=\"async\" width=\"150\" height=\"150\" data-src=\"https:\/\/parqueecologicogouveia.pt\/wp-content\/uploads\/2023\/05\/Desfrutar.png\" class=\"attachment-thumbnail size-thumbnail wp-image-533 lazyload\" alt=\"\" src=\"data:image\/svg+xml;base64,PHN2ZyB3aWR0aD0iMSIgaGVpZ2h0PSIxIiB4bWxucz0iaHR0cDovL3d3dy53My5vcmcvMjAwMC9zdmciPjwvc3ZnPg==\" style=\"--smush-placeholder-width: 150px; --smush-placeholder-aspect-ratio: 150\/150;\" \/>\t\t\t\t\t\t\t\t\t\t\t\t\t\t\t<\/div>\n\t\t\t\t<\/div>\n\t\t<div class=\"elementor-element elementor-element-b41f9ef e-flex e-con-boxed e-con e-child\" data-id=\"b41f9ef\" data-element_type=\"container\" data-e-type=\"container\">\n\t\t\t\t\t<div class=\"e-con-inner\">\n\t\t\t\t<div class=\"elementor-element elementor-element-50203ca elementor-widget elementor-widget-heading\" data-id=\"50203ca\" data-element_type=\"widget\" data-e-type=\"widget\" data-widget_type=\"heading.default\">\n\t\t\t\t<div class=\"elementor-widget-container\">\n\t\t\t\t\t<h2 class=\"elementor-heading-title elementor-size-default\">Visitas escolares<\/h2>\t\t\t\t<\/div>\n\t\t\t\t<\/div>\n\t\t\t\t<div class=\"elementor-element elementor-element-5400581 elementor-widget elementor-widget-text-editor\" data-id=\"5400581\" data-element_type=\"widget\" data-e-type=\"widget\" data-widget_type=\"text-editor.default\">\n\t\t\t\t<div class=\"elementor-widget-container\">\n\t\t\t\t\t\t\t\t\t<p>O Parque Ecol\u00f3gico de Gouveia \u00e9 uma sala de aula na natureza.<\/p><p>A visita e as atividades propostas permitem a observa\u00e7\u00e3o e a compreens\u00e3o do papel dos animais e plantas nos ecossistemas terrestres, contribuindo para o aumento da consci\u00eancia ambiental e maior sensibilidade para a conserva\u00e7\u00e3o das esp\u00e9cies e preserva\u00e7\u00e3o do ambiente.<\/p><p>Planeie a sua visita e contacte-nos para <a href=\"mailto:parqueecologico@cm-gouveia.pt\">parqueecologico@cm-gouveia.pt<\/a><\/p>\t\t\t\t\t\t\t\t<\/div>\n\t\t\t\t<\/div>\n\t\t\t\t\t<\/div>\n\t\t\t\t<\/div>\n\t\t\t\t\t<\/div>\n\t\t\t\t<\/div>\n\t\t\t\t\t<\/div>\n\t\t\t\t<\/div>\n\t\t\t\t<\/div>\n\t\t","protected":false},"excerpt":{"rendered":"<p>Visitas escolares O Parque Ecol\u00f3gico de Gouveia \u00e9 uma sala de aula na natureza. A visita e as atividades propostas permitem a observa\u00e7\u00e3o e a compreens\u00e3o do papel dos animais e plantas nos ecossistemas terrestres, contribuindo para o aumento da consci\u00eancia ambiental e maior sensibilidade para a conserva\u00e7\u00e3o das esp\u00e9cies e preserva\u00e7\u00e3o do ambiente. Planeie [&hellip;]<\/p>\n","protected":false},"author":1,"featured_media":0,"parent":0,"menu_order":0,"comment_status":"closed","ping_status":"closed","template":"elementor_canvas","meta":{"_acf_changed":false,"footnotes":""},"class_list":["post-1349","page","type-page","status-publish","hentry"],"acf":[],"_links":{"self":[{"href":"https:\/\/parqueecologicogouveia.pt\/index.php?rest_route=\/wp\/v2\/pages\/1349","targetHints":{"allow":["GET"]}}],"collection":[{"href":"https:\/\/parqueecologicogouveia.pt\/index.php?rest_route=\/wp\/v2\/pages"}],"about":[{"href":"https:\/\/parqueecologicogouveia.pt\/index.php?rest_route=\/wp\/v2\/types\/page"}],"author":[{"embeddable":true,"href":"https:\/\/parqueecologicogouveia.pt\/index.php?rest_route=\/wp\/v2\/users\/1"}],"replies":[{"embeddable":true,"href":"https:\/\/parqueecologicogouveia.pt\/index.php?rest_route=%2Fwp%2Fv2%2Fcomments&post=1349"}],"version-history":[{"count":28,"href":"https:\/\/parqueecologicogouveia.pt\/index.php?rest_route=\/wp\/v2\/pages\/1349\/revisions"}],"predecessor-version":[{"id":2431,"href":"https:\/\/parqueecologicogouveia.pt\/index.php?rest_route=\/wp\/v2\/pages\/1349\/revisions\/2431"}],"wp:attachment":[{"href":"https:\/\/parqueecologicogouveia.pt\/index.php?rest_route=%2Fwp%2Fv2%2Fmedia&parent=1349"}],"curies":[{"name":"wp","href":"https:\/\/api.w.org\/{rel}","templated":true}]}}