{"id":1040,"date":"2024-04-09T14:47:30","date_gmt":"2024-04-09T14:47:30","guid":{"rendered":"https:\/\/parqueecologicogouveia.pt\/parque\/\/?page_id=1040"},"modified":"2024-12-09T11:44:05","modified_gmt":"2024-12-09T11:44:05","slug":"veado-2-2-2-2-2-2-2-2-2-2-2-2-4-3","status":"publish","type":"page","link":"https:\/\/parqueecologicogouveia.pt\/?page_id=1040","title":{"rendered":"Gralha-preta"},"content":{"rendered":"\t\t<div data-elementor-type=\"wp-page\" data-elementor-id=\"1040\" class=\"elementor elementor-1040\" data-elementor-post-type=\"page\">\n\t\t\t\t<div class=\"elementor-element elementor-element-f35edfa e-flex e-con-boxed e-con e-parent\" data-id=\"f35edfa\" data-element_type=\"container\" data-e-type=\"container\" data-settings=\"{&quot;background_background&quot;:&quot;classic&quot;}\">\n\t\t\t\t\t<div class=\"e-con-inner\">\n\t\t<div class=\"elementor-element elementor-element-2dbb099 e-grid e-con-boxed e-con e-child\" data-id=\"2dbb099\" data-element_type=\"container\" data-e-type=\"container\">\n\t\t\t\t\t<div class=\"e-con-inner\">\n\t\t\t\t<div class=\"elementor-element elementor-element-ca6909f elementor-widget elementor-widget-heading\" data-id=\"ca6909f\" data-element_type=\"widget\" data-e-type=\"widget\" data-widget_type=\"heading.default\">\n\t\t\t\t<div class=\"elementor-widget-container\">\n\t\t\t\t\t<h2 class=\"elementor-heading-title elementor-size-default\">GRALHA-PRETA\n<span style=\"color: #b5b3b0\"><i>CARRION CROW<\/h2>\t\t\t\t<\/div>\n\t\t\t\t<\/div>\n\t\t\t\t<div class=\"elementor-element elementor-element-9582c01 elementor-widget elementor-widget-heading\" data-id=\"9582c01\" data-element_type=\"widget\" data-e-type=\"widget\" data-widget_type=\"heading.default\">\n\t\t\t\t<div class=\"elementor-widget-container\">\n\t\t\t\t\t<h2 class=\"elementor-heading-title elementor-size-default\">Corvus corone<\/h2>\t\t\t\t<\/div>\n\t\t\t\t<\/div>\n\t\t\t\t<div class=\"elementor-element elementor-element-cdc36c1 elementor-widget elementor-widget-image\" data-id=\"cdc36c1\" data-element_type=\"widget\" data-e-type=\"widget\" data-widget_type=\"image.default\">\n\t\t\t\t<div class=\"elementor-widget-container\">\n\t\t\t\t\t\t\t\t\t\t\t\t\t\t\t<img decoding=\"async\" width=\"100\" height=\"103\" data-src=\"https:\/\/parqueecologicogouveia.pt\/wp-content\/uploads\/2023\/09\/logo-white.png\" class=\"attachment-thumbnail size-thumbnail wp-image-799 lazyload\" alt=\"\" src=\"data:image\/svg+xml;base64,PHN2ZyB3aWR0aD0iMSIgaGVpZ2h0PSIxIiB4bWxucz0iaHR0cDovL3d3dy53My5vcmcvMjAwMC9zdmciPjwvc3ZnPg==\" style=\"--smush-placeholder-width: 100px; --smush-placeholder-aspect-ratio: 100\/103;\" \/>\t\t\t\t\t\t\t\t\t\t\t\t\t\t\t<\/div>\n\t\t\t\t<\/div>\n\t\t\t\t\t<\/div>\n\t\t\t\t<\/div>\n\t\t<div class=\"elementor-element elementor-element-74df6dc e-flex e-con-boxed e-con e-child\" data-id=\"74df6dc\" data-element_type=\"container\" data-e-type=\"container\" data-settings=\"{&quot;background_background&quot;:&quot;classic&quot;}\">\n\t\t\t\t\t<div class=\"e-con-inner\">\n\t\t<div class=\"elementor-element elementor-element-cdae3c7 e-grid e-con-boxed e-con e-child\" data-id=\"cdae3c7\" data-element_type=\"container\" data-e-type=\"container\">\n\t\t\t\t\t<div class=\"e-con-inner\">\n\t\t\t\t<div class=\"elementor-element elementor-element-5535859 elementor-widget elementor-widget-image\" data-id=\"5535859\" data-element_type=\"widget\" data-e-type=\"widget\" data-widget_type=\"image.default\">\n\t\t\t\t<div class=\"elementor-widget-container\">\n\t\t\t\t\t\t\t\t\t\t\t\t\t\t\t<img decoding=\"async\" data-src=\"https:\/\/parqueecologicogouveia.pt\/wp-content\/uploads\/2024\/04\/como_sao_aves.png\" title=\"como_sao_aves\" alt=\"como_sao_aves\" src=\"data:image\/svg+xml;base64,PHN2ZyB3aWR0aD0iMSIgaGVpZ2h0PSIxIiB4bWxucz0iaHR0cDovL3d3dy53My5vcmcvMjAwMC9zdmciPjwvc3ZnPg==\" class=\"lazyload\" style=\"--smush-placeholder-width: 151px; --smush-placeholder-aspect-ratio: 151\/118;\" \/>\t\t\t\t\t\t\t\t\t\t\t\t\t\t\t<\/div>\n\t\t\t\t<\/div>\n\t\t<div class=\"elementor-element elementor-element-93d45d3 e-flex e-con-boxed e-con e-child\" data-id=\"93d45d3\" data-element_type=\"container\" data-e-type=\"container\">\n\t\t\t\t\t<div class=\"e-con-inner\">\n\t\t\t\t<div class=\"elementor-element elementor-element-6631e3a elementor-widget elementor-widget-heading\" data-id=\"6631e3a\" data-element_type=\"widget\" data-e-type=\"widget\" data-widget_type=\"heading.default\">\n\t\t\t\t<div class=\"elementor-widget-container\">\n\t\t\t\t\t<h2 class=\"elementor-heading-title elementor-size-default\">como s\u00e3o? | <span style=\"color: #b5b3b0\"><i>hOW ARE THEY?<\/h2>\t\t\t\t<\/div>\n\t\t\t\t<\/div>\n\t\t\t\t<div class=\"elementor-element elementor-element-3ac77b8 elementor-widget elementor-widget-text-editor\" data-id=\"3ac77b8\" data-element_type=\"widget\" data-e-type=\"widget\" data-widget_type=\"text-editor.default\">\n\t\t\t\t<div class=\"elementor-widget-container\">\n\t\t\t\t\t\t\t\t\t<p>Grande e totalmente preta. O bico \u00e9 preto e relativamente forte. Apesar de serem conhecidas por \u201ccorvos\u201d em muitas zonas do pa\u00eds, n\u00e3o devem ser confundidas com esta esp\u00e9cie (<em>Corvus corax<\/em>). Assim, a gralha-preta distingue-se do corvo pelo menor tamanho, pela cauda quadrada e pelas vocaliza\u00e7\u00f5es mais longas (\u201c<em>kraa-kraa-kraa<\/em>\u201d).<\/p><p><em><span style=\"color: #b5b3b0;\">Large and completely black. The beak is black and relatively strong. Although they are known as \u201ccrows\u201d in many areas of the country, they should not be confused with this species (Corvus corax). Thus, the black crow is distinguished from the crow by its smaller size, square tail and longer vocalizations (\u201ckraa-kraa-kraa\u201d).<\/span><\/em><\/p>\t\t\t\t\t\t\t\t<\/div>\n\t\t\t\t<\/div>\n\t\t\t\t<div class=\"elementor-element elementor-element-6e3de50 elementor-widget elementor-widget-heading\" data-id=\"6e3de50\" data-element_type=\"widget\" data-e-type=\"widget\" data-widget_type=\"heading.default\">\n\t\t\t\t<div class=\"elementor-widget-container\">\n\t\t\t\t\t<h2 class=\"elementor-heading-title elementor-size-default\">o que comem? | <span style=\"color: #b5b3b0\"><i>wHAT DO THEY EAT?<\/h2>\t\t\t\t<\/div>\n\t\t\t\t<\/div>\n\t\t\t\t<div class=\"elementor-element elementor-element-3502b27 elementor-widget elementor-widget-text-editor\" data-id=\"3502b27\" data-element_type=\"widget\" data-e-type=\"widget\" data-widget_type=\"text-editor.default\">\n\t\t\t\t<div class=\"elementor-widget-container\">\n\t\t\t\t\t\t\t\t\t<p>Apresenta um regime alimentar variado, incluindo cad\u00e1veres de animais, aves jovens, ovos, insetos, minhocas e cereais.<\/p><p><em><span style=\"color: #b5b3b0;\">It has a varied diet, including dead animals, young birds, eggs, insects, worms and cereals<\/span><\/em>.<\/p>\t\t\t\t\t\t\t\t<\/div>\n\t\t\t\t<\/div>\n\t\t\t\t<div class=\"elementor-element elementor-element-7808442 elementor-widget elementor-widget-heading\" data-id=\"7808442\" data-element_type=\"widget\" data-e-type=\"widget\" data-widget_type=\"heading.default\">\n\t\t\t\t<div class=\"elementor-widget-container\">\n\t\t\t\t\t<h2 class=\"elementor-heading-title elementor-size-default\">nota | <span style=\"color: #b5b3b0\"><i>nOTE<\/h2>\t\t\t\t<\/div>\n\t\t\t\t<\/div>\n\t\t\t\t<div class=\"elementor-element elementor-element-9cc683b elementor-widget elementor-widget-text-editor\" data-id=\"9cc683b\" data-element_type=\"widget\" data-e-type=\"widget\" data-widget_type=\"text-editor.default\">\n\t\t\t\t<div class=\"elementor-widget-container\">\n\t\t\t\t\t\t\t\t\t<p>Todas as aves aqui presentes foram consideradas irrecuper\u00e1veis para viver na Natureza, devido a fatores relacionados com a atividade humana. Foram entregues pelo CERVAS ao Parque Ecol\u00f3gico de Gouveia para viverem at\u00e9 ao final da sua vida sem necessidade de ca\u00e7ar ou de se protegerem de predadores, servindo para a educa\u00e7\u00e3o e consciencializa\u00e7\u00e3o ambiental.<\/p><p><span style=\"color: #b5b3b0;\"><em>All birds present here were considered unfit to live in the wild, due to factors related to human activity. They were delivered by CERVAS to the Gouveia Ecological Park to live until the end of their lives without the need to hunt or protect themselves from predators, serving for education and environmental awareness.<\/em><\/span><\/p>\t\t\t\t\t\t\t\t<\/div>\n\t\t\t\t<\/div>\n\t\t\t\t\t<\/div>\n\t\t\t\t<\/div>\n\t\t<div class=\"elementor-element elementor-element-bb278fc e-flex e-con-boxed e-con e-child\" data-id=\"bb278fc\" data-element_type=\"container\" data-e-type=\"container\">\n\t\t\t\t\t<div class=\"e-con-inner\">\n\t\t\t\t\t<\/div>\n\t\t\t\t<\/div>\n\t\t\t\t\t<\/div>\n\t\t\t\t<\/div>\n\t\t<div class=\"elementor-element elementor-element-2bc68f6 e-flex e-con-boxed e-con e-child\" data-id=\"2bc68f6\" data-element_type=\"container\" data-e-type=\"container\">\n\t\t\t\t\t<div class=\"e-con-inner\">\n\t\t\t\t<div class=\"elementor-element elementor-element-33edc61 elementor-widget elementor-widget-gallery\" data-id=\"33edc61\" data-element_type=\"widget\" data-e-type=\"widget\" data-settings=\"{&quot;lazyload&quot;:&quot;yes&quot;,&quot;gallery_layout&quot;:&quot;grid&quot;,&quot;columns&quot;:4,&quot;columns_tablet&quot;:2,&quot;columns_mobile&quot;:1,&quot;gap&quot;:{&quot;unit&quot;:&quot;px&quot;,&quot;size&quot;:10,&quot;sizes&quot;:[]},&quot;gap_tablet&quot;:{&quot;unit&quot;:&quot;px&quot;,&quot;size&quot;:10,&quot;sizes&quot;:[]},&quot;gap_mobile&quot;:{&quot;unit&quot;:&quot;px&quot;,&quot;size&quot;:10,&quot;sizes&quot;:[]},&quot;link_to&quot;:&quot;file&quot;,&quot;aspect_ratio&quot;:&quot;3:2&quot;,&quot;overlay_background&quot;:&quot;yes&quot;,&quot;content_hover_animation&quot;:&quot;fade-in&quot;}\" data-widget_type=\"gallery.default\">\n\t\t\t\t<div class=\"elementor-widget-container\">\n\t\t\t\t\t\t\t<div class=\"elementor-gallery__container\">\n\t\t\t\t\t\t\t<a class=\"e-gallery-item elementor-gallery-item elementor-animated-content\" href=\"https:\/\/parqueecologicogouveia.pt\/wp-content\/uploads\/2024\/12\/3D2A2181-scaled.jpg\" data-elementor-open-lightbox=\"yes\" data-elementor-lightbox-slideshow=\"33edc61\" data-elementor-lightbox-title=\"3D2A2181\" data-e-action-hash=\"#elementor-action%3Aaction%3Dlightbox%26settings%3DeyJpZCI6MzA1NiwidXJsIjoiaHR0cHM6XC9cL3BhcnF1ZWVjb2xvZ2ljb2dvdXZlaWEucHRcL3dwLWNvbnRlbnRcL3VwbG9hZHNcLzIwMjRcLzEyXC8zRDJBMjE4MS1zY2FsZWQuanBnIiwic2xpZGVzaG93IjoiMzNlZGM2MSJ9\">\n\t\t\t\t\t<div class=\"e-gallery-image elementor-gallery-item__image\" data-thumbnail=\"https:\/\/parqueecologicogouveia.pt\/wp-content\/uploads\/2024\/12\/3D2A2181-300x200.jpg\" data-width=\"300\" data-height=\"200\" aria-label=\"\" role=\"img\" ><\/div>\n\t\t\t\t\t\t\t\t\t\t\t<div class=\"elementor-gallery-item__overlay\"><\/div>\n\t\t\t\t\t\t\t\t\t\t\t\t\t\t<\/a>\n\t\t\t\t\t\t\t<a class=\"e-gallery-item elementor-gallery-item elementor-animated-content\" href=\"https:\/\/parqueecologicogouveia.pt\/wp-content\/uploads\/2024\/12\/3D2A2182-scaled.jpg\" data-elementor-open-lightbox=\"yes\" data-elementor-lightbox-slideshow=\"33edc61\" data-elementor-lightbox-title=\"3D2A2182\" data-e-action-hash=\"#elementor-action%3Aaction%3Dlightbox%26settings%3DeyJpZCI6MzA1NywidXJsIjoiaHR0cHM6XC9cL3BhcnF1ZWVjb2xvZ2ljb2dvdXZlaWEucHRcL3dwLWNvbnRlbnRcL3VwbG9hZHNcLzIwMjRcLzEyXC8zRDJBMjE4Mi1zY2FsZWQuanBnIiwic2xpZGVzaG93IjoiMzNlZGM2MSJ9\">\n\t\t\t\t\t<div class=\"e-gallery-image elementor-gallery-item__image\" data-thumbnail=\"https:\/\/parqueecologicogouveia.pt\/wp-content\/uploads\/2024\/12\/3D2A2182-300x200.jpg\" data-width=\"300\" data-height=\"200\" aria-label=\"\" role=\"img\" ><\/div>\n\t\t\t\t\t\t\t\t\t\t\t<div class=\"elementor-gallery-item__overlay\"><\/div>\n\t\t\t\t\t\t\t\t\t\t\t\t\t\t<\/a>\n\t\t\t\t\t\t\t<a class=\"e-gallery-item elementor-gallery-item elementor-animated-content\" href=\"https:\/\/parqueecologicogouveia.pt\/wp-content\/uploads\/2024\/12\/3D2A2185-scaled.jpg\" data-elementor-open-lightbox=\"yes\" data-elementor-lightbox-slideshow=\"33edc61\" data-elementor-lightbox-title=\"3D2A2185\" data-e-action-hash=\"#elementor-action%3Aaction%3Dlightbox%26settings%3DeyJpZCI6MzA1OCwidXJsIjoiaHR0cHM6XC9cL3BhcnF1ZWVjb2xvZ2ljb2dvdXZlaWEucHRcL3dwLWNvbnRlbnRcL3VwbG9hZHNcLzIwMjRcLzEyXC8zRDJBMjE4NS1zY2FsZWQuanBnIiwic2xpZGVzaG93IjoiMzNlZGM2MSJ9\">\n\t\t\t\t\t<div class=\"e-gallery-image elementor-gallery-item__image\" data-thumbnail=\"https:\/\/parqueecologicogouveia.pt\/wp-content\/uploads\/2024\/12\/3D2A2185-300x200.jpg\" data-width=\"300\" data-height=\"200\" aria-label=\"\" role=\"img\" ><\/div>\n\t\t\t\t\t\t\t\t\t\t\t<div class=\"elementor-gallery-item__overlay\"><\/div>\n\t\t\t\t\t\t\t\t\t\t\t\t\t\t<\/a>\n\t\t\t\t\t<\/div>\n\t\t\t\t\t<\/div>\n\t\t\t\t<\/div>\n\t\t<div class=\"elementor-element elementor-element-c5b73f2 e-grid e-con-boxed e-con e-child\" data-id=\"c5b73f2\" data-element_type=\"container\" data-e-type=\"container\">\n\t\t\t\t\t<div class=\"e-con-inner\">\n\t\t<div class=\"elementor-element elementor-element-5d85f80 elementor-hidden-mobile e-flex e-con-boxed e-con e-child\" data-id=\"5d85f80\" data-element_type=\"container\" data-e-type=\"container\">\n\t\t\t\t\t<div class=\"e-con-inner\">\n\t\t\t\t\t<\/div>\n\t\t\t\t<\/div>\n\t\t<div class=\"elementor-element elementor-element-c402f4b e-flex e-con-boxed e-con e-child\" data-id=\"c402f4b\" data-element_type=\"container\" data-e-type=\"container\">\n\t\t\t\t\t<div class=\"e-con-inner\">\n\t\t<div class=\"elementor-element elementor-element-5d9c324 e-flex e-con-boxed e-con e-child\" data-id=\"5d9c324\" data-element_type=\"container\" data-e-type=\"container\">\n\t\t\t\t\t<div class=\"e-con-inner\">\n\t\t\t\t<div class=\"elementor-element elementor-element-4fe39f5 elementor-align-right elementor-widget elementor-widget-button\" data-id=\"4fe39f5\" data-element_type=\"widget\" data-e-type=\"widget\" data-widget_type=\"button.default\">\n\t\t\t\t<div class=\"elementor-widget-container\">\n\t\t\t\t\t\t\t\t\t<div class=\"elementor-button-wrapper\">\n\t\t\t\t\t<a class=\"elementor-button elementor-button-link elementor-size-sm\" href=\"?page_id=586\">\n\t\t\t\t\t\t<span class=\"elementor-button-content-wrapper\">\n\t\t\t\t\t\t\t\t\t<span class=\"elementor-button-text\">Voltar para animais<\/span>\n\t\t\t\t\t<\/span>\n\t\t\t\t\t<\/a>\n\t\t\t\t<\/div>\n\t\t\t\t\t\t\t\t<\/div>\n\t\t\t\t<\/div>\n\t\t\t\t\t<\/div>\n\t\t\t\t<\/div>\n\t\t\t\t\t<\/div>\n\t\t\t\t<\/div>\n\t\t<div class=\"elementor-element elementor-element-546de19 elementor-hidden-mobile e-flex e-con-boxed e-con e-child\" data-id=\"546de19\" data-element_type=\"container\" data-e-type=\"container\">\n\t\t\t\t\t<div class=\"e-con-inner\">\n\t\t\t\t\t<\/div>\n\t\t\t\t<\/div>\n\t\t<div class=\"elementor-element elementor-element-0dd4ff3 e-flex e-con-boxed e-con e-child\" data-id=\"0dd4ff3\" data-element_type=\"container\" data-e-type=\"container\">\n\t\t\t\t\t<div class=\"e-con-inner\">\n\t\t\t\t<div class=\"elementor-element elementor-element-8c9731a elementor-align-right elementor-widget elementor-widget-button\" data-id=\"8c9731a\" data-element_type=\"widget\" data-e-type=\"widget\" data-widget_type=\"button.default\">\n\t\t\t\t<div class=\"elementor-widget-container\">\n\t\t\t\t\t\t\t\t\t<div class=\"elementor-button-wrapper\">\n\t\t\t\t\t<a class=\"elementor-button elementor-button-link elementor-size-sm\" href=\"?page_id=1035\">\n\t\t\t\t\t\t<span class=\"elementor-button-content-wrapper\">\n\t\t\t\t\t\t\t\t\t<span class=\"elementor-button-text\">Anterior<\/span>\n\t\t\t\t\t<\/span>\n\t\t\t\t\t<\/a>\n\t\t\t\t<\/div>\n\t\t\t\t\t\t\t\t<\/div>\n\t\t\t\t<\/div>\n\t\t\t\t\t<\/div>\n\t\t\t\t<\/div>\n\t\t<div class=\"elementor-element elementor-element-1c80cd3 e-flex e-con-boxed e-con e-child\" data-id=\"1c80cd3\" data-element_type=\"container\" data-e-type=\"container\">\n\t\t\t\t\t<div class=\"e-con-inner\">\n\t\t\t\t<div class=\"elementor-element elementor-element-d78e8a8 elementor-align-left elementor-mobile-align-right elementor-widget elementor-widget-button\" data-id=\"d78e8a8\" data-element_type=\"widget\" data-e-type=\"widget\" data-widget_type=\"button.default\">\n\t\t\t\t<div class=\"elementor-widget-container\">\n\t\t\t\t\t\t\t\t\t<div class=\"elementor-button-wrapper\">\n\t\t\t\t\t<a class=\"elementor-button elementor-button-link elementor-size-sm\" href=\"?page_id=1046\">\n\t\t\t\t\t\t<span class=\"elementor-button-content-wrapper\">\n\t\t\t\t\t\t\t\t\t<span class=\"elementor-button-text\">Pr\u00f3ximo<\/span>\n\t\t\t\t\t<\/span>\n\t\t\t\t\t<\/a>\n\t\t\t\t<\/div>\n\t\t\t\t\t\t\t\t<\/div>\n\t\t\t\t<\/div>\n\t\t\t\t\t<\/div>\n\t\t\t\t<\/div>\n\t\t\t\t\t<\/div>\n\t\t\t\t<\/div>\n\t\t\t\t\t<\/div>\n\t\t\t\t<\/div>\n\t\t\t\t\t<\/div>\n\t\t\t\t<\/div>\n\t\t<div class=\"elementor-element elementor-element-6957ba5 e-flex e-con-boxed e-con e-child\" data-id=\"6957ba5\" data-element_type=\"container\" data-e-type=\"container\">\n\t\t\t\t\t<div class=\"e-con-inner\">\n\t\t\t\t<div class=\"elementor-element elementor-element-a40dce7 elementor-widget elementor-widget-image\" data-id=\"a40dce7\" data-element_type=\"widget\" data-e-type=\"widget\" data-widget_type=\"image.default\">\n\t\t\t\t<div class=\"elementor-widget-container\">\n\t\t\t\t\t\t\t\t\t\t\t\t\t\t\t<img decoding=\"async\" data-src=\"https:\/\/parqueecologicogouveia.pt\/wp-content\/uploads\/2023\/05\/Contemplar.png\" title=\"Contemplar\" alt=\"Contemplar\" src=\"data:image\/svg+xml;base64,PHN2ZyB3aWR0aD0iMSIgaGVpZ2h0PSIxIiB4bWxucz0iaHR0cDovL3d3dy53My5vcmcvMjAwMC9zdmciPjwvc3ZnPg==\" class=\"lazyload\" style=\"--smush-placeholder-width: 591px; --smush-placeholder-aspect-ratio: 591\/591;\" \/>\t\t\t\t\t\t\t\t\t\t\t\t\t\t\t<\/div>\n\t\t\t\t<\/div>\n\t\t\t\t\t<\/div>\n\t\t\t\t<\/div>\n\t\t\t\t\t<\/div>\n\t\t\t\t<\/div>\n\t\t\t\t<\/div>\n\t\t","protected":false},"excerpt":{"rendered":"<p>GRALHA-PRETA CARRION CROW Corvus corone como s\u00e3o? | hOW ARE THEY? Grande e totalmente preta. O bico \u00e9 preto e relativamente forte. Apesar de serem conhecidas por \u201ccorvos\u201d em muitas zonas do pa\u00eds, n\u00e3o devem ser confundidas com esta esp\u00e9cie (Corvus corax). Assim, a gralha-preta distingue-se do corvo pelo menor tamanho, pela cauda quadrada e [&hellip;]<\/p>\n","protected":false},"author":1,"featured_media":0,"parent":0,"menu_order":0,"comment_status":"closed","ping_status":"closed","template":"elementor_canvas","meta":{"_acf_changed":false,"footnotes":""},"class_list":["post-1040","page","type-page","status-publish","hentry"],"acf":[],"_links":{"self":[{"href":"https:\/\/parqueecologicogouveia.pt\/index.php?rest_route=\/wp\/v2\/pages\/1040","targetHints":{"allow":["GET"]}}],"collection":[{"href":"https:\/\/parqueecologicogouveia.pt\/index.php?rest_route=\/wp\/v2\/pages"}],"about":[{"href":"https:\/\/parqueecologicogouveia.pt\/index.php?rest_route=\/wp\/v2\/types\/page"}],"author":[{"embeddable":true,"href":"https:\/\/parqueecologicogouveia.pt\/index.php?rest_route=\/wp\/v2\/users\/1"}],"replies":[{"embeddable":true,"href":"https:\/\/parqueecologicogouveia.pt\/index.php?rest_route=%2Fwp%2Fv2%2Fcomments&post=1040"}],"version-history":[{"count":85,"href":"https:\/\/parqueecologicogouveia.pt\/index.php?rest_route=\/wp\/v2\/pages\/1040\/revisions"}],"predecessor-version":[{"id":3199,"href":"https:\/\/parqueecologicogouveia.pt\/index.php?rest_route=\/wp\/v2\/pages\/1040\/revisions\/3199"}],"wp:attachment":[{"href":"https:\/\/parqueecologicogouveia.pt\/index.php?rest_route=%2Fwp%2Fv2%2Fmedia&parent=1040"}],"curies":[{"name":"wp","href":"https:\/\/api.w.org\/{rel}","templated":true}]}}